{"id":483821,"date":"2025-01-24T00:10:11","date_gmt":"2025-01-23T23:10:11","guid":{"rendered":"https:\/\/shop.kustom.ch\/?post_type=product&#038;p=483821"},"modified":"2026-03-31T13:14:43","modified_gmt":"2026-03-31T12:14:43","slug":"astoria","status":"publish","type":"product","link":"https:\/\/shop.kustom.ch\/fr\/produit\/astoria\/","title":{"rendered":"Astoria"},"content":{"rendered":"<p>Polo pour femme avec bande contrast\u00e9e color\u00e9e au col et aux manches. Fentes lat\u00e9rales \u00e9labor\u00e9es et quatre boutons ton sur ton. Bandeau de cou renforc\u00e9 et \u00e9tiquette facilement d\u00e9tachable pour le rebranding. Ce style s'accorde parfaitement avec Austin, Conrad et Amarillo.<\/p>\n<p>Mati\u00e8re : 100% coton<\/p>","protected":false},"excerpt":{"rendered":"<p>Damen-Poloshirt mit farbigem Kontraststreifen am Kragen und an den \u00c4rmeln. Aufwendig gestaltete Seitenschlitze und vier Ton-in-Ton-Kn\u00f6pfe. Verst\u00e4rktes Nackenband und eine leicht abnehmbare Etikette f\u00fcr Rebranding. Dieser Stil passt perfekt zu Austin, Conrad und Amarillo. Material: 100% Baumwolle<\/p>","protected":false},"featured_media":483825,"template":"","meta":[],"product_brand":[],"product_cat":[4193],"product_tag":[],"class_list":{"0":"post-483821","1":"product","2":"type-product","3":"status-publish","4":"has-post-thumbnail","6":"product_cat-polos","7":"pa_brand-clique","8":"pa_brand-type-sportswear","9":"pa_filter-color-blau","10":"pa_filter-color-grau","11":"pa_filter-color-schwarz","12":"pa_filter-color-weiss","14":"first","15":"instock","16":"sale","17":"taxable","18":"shipping-taxable","19":"purchasable","20":"product-type-variable","21":"add-to-wishlist-before_image"},"exclude_global_add_ons":[],"addons":[],"acf":[],"_links":{"self":[{"href":"https:\/\/shop.kustom.ch\/fr\/wp-json\/wp\/v2\/product\/483821"}],"collection":[{"href":"https:\/\/shop.kustom.ch\/fr\/wp-json\/wp\/v2\/product"}],"about":[{"href":"https:\/\/shop.kustom.ch\/fr\/wp-json\/wp\/v2\/types\/product"}],"wp:featuredmedia":[{"embeddable":true,"href":"https:\/\/shop.kustom.ch\/fr\/wp-json\/wp\/v2\/media\/483825"}],"wp:attachment":[{"href":"https:\/\/shop.kustom.ch\/fr\/wp-json\/wp\/v2\/media?parent=483821"}],"wp:term":[{"taxonomy":"product_brand","embeddable":true,"href":"https:\/\/shop.kustom.ch\/fr\/wp-json\/wp\/v2\/product_brand?post=483821"},{"taxonomy":"product_cat","embeddable":true,"href":"https:\/\/shop.kustom.ch\/fr\/wp-json\/wp\/v2\/product_cat?post=483821"},{"taxonomy":"product_tag","embeddable":true,"href":"https:\/\/shop.kustom.ch\/fr\/wp-json\/wp\/v2\/product_tag?post=483821"}],"curies":[{"name":"wp","href":"https:\/\/api.w.org\/{rel}","templated":true}]}}