{"id":483753,"date":"2025-01-24T00:09:51","date_gmt":"2025-01-23T23:09:51","guid":{"rendered":"https:\/\/shop.kustom.ch\/?post_type=product&#038;p=483753"},"modified":"2026-03-31T13:13:09","modified_gmt":"2026-03-31T12:13:09","slug":"aston","status":"publish","type":"product","link":"https:\/\/shop.kustom.ch\/fr\/produit\/aston\/","title":{"rendered":"Aston"},"content":{"rendered":"<p>Pull en tricot, col V, traitement sp\u00e9cial au silicone pour une qualit\u00e9 plus douce, structure c\u00f4tel\u00e9e des poignets et de l'ourlet avec \u00e9lasthanne.<\/p>\n<p>Mati\u00e8re : 100 coton %, \u00e9paisseur de fil 12<\/p>","protected":false},"excerpt":{"rendered":"<p>Strickpullover, V-Ausschnitt, spezielle Silikon Behandlung f\u00fcr weichere Qualit\u00e4t, Rippenstruktur der B\u00fcndchen und am Saum mit Elasthan. Material: 100 % Baumwolle, Garnst\u00e4rke 12<\/p>","protected":false},"featured_media":483798,"template":"","meta":[],"product_brand":[],"product_cat":[4191],"product_tag":[],"class_list":{"0":"post-483753","1":"product","2":"type-product","3":"status-publish","4":"has-post-thumbnail","6":"product_cat-longsleeves-sweatshirts","7":"pa_brand-clique","8":"pa_brand-type-sportswear","9":"pa_filter-color-blau","10":"pa_filter-color-grau","11":"pa_filter-color-schwarz","13":"first","14":"instock","15":"sale","16":"taxable","17":"shipping-taxable","18":"purchasable","19":"product-type-variable","20":"add-to-wishlist-before_image"},"exclude_global_add_ons":[],"addons":[],"acf":[],"_links":{"self":[{"href":"https:\/\/shop.kustom.ch\/fr\/wp-json\/wp\/v2\/product\/483753"}],"collection":[{"href":"https:\/\/shop.kustom.ch\/fr\/wp-json\/wp\/v2\/product"}],"about":[{"href":"https:\/\/shop.kustom.ch\/fr\/wp-json\/wp\/v2\/types\/product"}],"wp:featuredmedia":[{"embeddable":true,"href":"https:\/\/shop.kustom.ch\/fr\/wp-json\/wp\/v2\/media\/483798"}],"wp:attachment":[{"href":"https:\/\/shop.kustom.ch\/fr\/wp-json\/wp\/v2\/media?parent=483753"}],"wp:term":[{"taxonomy":"product_brand","embeddable":true,"href":"https:\/\/shop.kustom.ch\/fr\/wp-json\/wp\/v2\/product_brand?post=483753"},{"taxonomy":"product_cat","embeddable":true,"href":"https:\/\/shop.kustom.ch\/fr\/wp-json\/wp\/v2\/product_cat?post=483753"},{"taxonomy":"product_tag","embeddable":true,"href":"https:\/\/shop.kustom.ch\/fr\/wp-json\/wp\/v2\/product_tag?post=483753"}],"curies":[{"name":"wp","href":"https:\/\/api.w.org\/{rel}","templated":true}]}}