{"id":483685,"date":"2025-01-24T00:09:32","date_gmt":"2025-01-23T23:09:32","guid":{"rendered":"https:\/\/shop.kustom.ch\/?post_type=product&#038;p=483685"},"modified":"2026-03-31T13:18:54","modified_gmt":"2026-03-31T12:18:54","slug":"ambition-t","status":"publish","type":"product","link":"https:\/\/shop.kustom.ch\/fr\/produit\/ambition-t\/","title":{"rendered":"Ambition-T"},"content":{"rendered":"<p>T-shirt au look contrast\u00e9 pour une meilleure visibilit\u00e9. Le polyester est issu de mat\u00e9riaux recycl\u00e9s. Coutures contrast\u00e9es et \u00e9lasthanne dans le col c\u00f4tel\u00e9. Bandeau de cou renforc\u00e9 et \u00e9tiquette facilement d\u00e9tachable pour le rebranding.<\/p>\n<p>Mati\u00e8re : 50% coton, 50% polyester recycl\u00e9<\/p>","protected":false},"excerpt":{"rendered":"<p>T-Shirt in kontrastierender Optik f\u00fcr bessere Sichtbarkeit. Der Polyesteranteil ist aus Recycling-Material. Kontrastn\u00e4hte und Elasthan im gerippten Kragen. Verst\u00e4rktes Nackenband und ein leicht abnehmbares Etikett f\u00fcr Rebranding. Material: 50% Baumwolle, 50% Recycling-Polyester<\/p>","protected":false},"featured_media":483718,"template":"","meta":[],"product_brand":[],"product_cat":[4201],"product_tag":[],"class_list":{"0":"post-483685","1":"product","2":"type-product","3":"status-publish","4":"has-post-thumbnail","6":"product_cat-t-shirts","7":"pa_brand-clique","8":"pa_brand-type-sportswear","9":"pa_filter-color-gelb","10":"pa_filter-color-orange","11":"pa_filter-color-schwarz","13":"first","14":"instock","15":"sale","16":"taxable","17":"shipping-taxable","18":"purchasable","19":"product-type-variable","20":"add-to-wishlist-before_image"},"exclude_global_add_ons":[],"addons":[],"acf":[],"_links":{"self":[{"href":"https:\/\/shop.kustom.ch\/fr\/wp-json\/wp\/v2\/product\/483685"}],"collection":[{"href":"https:\/\/shop.kustom.ch\/fr\/wp-json\/wp\/v2\/product"}],"about":[{"href":"https:\/\/shop.kustom.ch\/fr\/wp-json\/wp\/v2\/types\/product"}],"wp:featuredmedia":[{"embeddable":true,"href":"https:\/\/shop.kustom.ch\/fr\/wp-json\/wp\/v2\/media\/483718"}],"wp:attachment":[{"href":"https:\/\/shop.kustom.ch\/fr\/wp-json\/wp\/v2\/media?parent=483685"}],"wp:term":[{"taxonomy":"product_brand","embeddable":true,"href":"https:\/\/shop.kustom.ch\/fr\/wp-json\/wp\/v2\/product_brand?post=483685"},{"taxonomy":"product_cat","embeddable":true,"href":"https:\/\/shop.kustom.ch\/fr\/wp-json\/wp\/v2\/product_cat?post=483685"},{"taxonomy":"product_tag","embeddable":true,"href":"https:\/\/shop.kustom.ch\/fr\/wp-json\/wp\/v2\/product_tag?post=483685"}],"curies":[{"name":"wp","href":"https:\/\/api.w.org\/{rel}","templated":true}]}}