{"id":483475,"date":"2025-01-24T00:08:09","date_gmt":"2025-01-23T23:08:09","guid":{"rendered":"https:\/\/shop.kustom.ch\/?post_type=product&#038;p=483475"},"modified":"2026-03-31T13:17:20","modified_gmt":"2026-03-31T12:17:20","slug":"2-0-computer-bag","status":"publish","type":"product","link":"https:\/\/shop.kustom.ch\/fr\/produit\/2-0-computer-bag\/","title":{"rendered":"2.0 Sacoche pour ordinateur"},"content":{"rendered":"<p>Sacoche \u00e9l\u00e9gante pour ordinateurs portables professionnels. Trois grands compartiments s\u00e9par\u00e9s par une poche de protection int\u00e9rieure rembourr\u00e9e pour l'ordinateur portable. Plusieurs poches d'organisation \u00e0 l'int\u00e9rieur. Bandouli\u00e8re amovible pour plus de confort et \u00e9l\u00e9ment de rembourrage d'\u00e9paule avec ouverture pour les cartes de visite. Deux poign\u00e9es rembourr\u00e9es et deux grandes poches lat\u00e9rales ext\u00e9rieures avec fermeture \u00e9clair. Sangle r\u00e9sistante \u00e0 l'arri\u00e8re pour la fixation \u00e0 la poign\u00e9e t\u00e9lescopique d'une valise. Dimensions et volume : 40 x 32 x 11 cm - 14L<\/p>\n<p>Mati\u00e8re : 100% polyester Shantung Pongee avec rev\u00eatement PU<\/p>","protected":false},"excerpt":{"rendered":"<p>Elegante Business-Notebooktasche. Drei grosse, durch eine innere, gepolsterte Notebook-Schutztasche abgetrennte F\u00e4cher. Mehrere Organisationstaschen im Innern. Abnehmbarer Schulterriemen f\u00fcr zus\u00e4tzlichen Komfort und Schulter-Polsterelement mit \u00d6ffnung f\u00fcr Visitenkarten. Zwei gepolsterte Griffe und zwei grosse Aussenseitentaschen mit Reissverschluss. Strapazierf\u00e4higer Riemen hinten zur Befestigung am Teleskopgriff eines Koffers. Abmessungen und Volumen: 40\u00a0x\u00a032\u00a0x\u00a011\u00a0cm \u2012 14L Material: 100% Polyester Shantung Pongee [&hellip;]<\/p>\n","protected":false},"featured_media":483501,"template":"","meta":[],"product_brand":[],"product_cat":[4195,4209],"product_tag":[],"class_list":{"0":"post-483475","1":"product","2":"type-product","3":"status-publish","4":"has-post-thumbnail","6":"product_cat-rucksaecke-taschen","7":"product_cat-zubehoer","8":"pa_brand-clique","9":"pa_brand-type-sportswear","10":"pa_filter-color-schwarz","12":"first","13":"instock","14":"sale","15":"taxable","16":"shipping-taxable","17":"purchasable","18":"product-type-variable","19":"add-to-wishlist-before_image"},"exclude_global_add_ons":[],"addons":[],"acf":[],"_links":{"self":[{"href":"https:\/\/shop.kustom.ch\/fr\/wp-json\/wp\/v2\/product\/483475"}],"collection":[{"href":"https:\/\/shop.kustom.ch\/fr\/wp-json\/wp\/v2\/product"}],"about":[{"href":"https:\/\/shop.kustom.ch\/fr\/wp-json\/wp\/v2\/types\/product"}],"wp:featuredmedia":[{"embeddable":true,"href":"https:\/\/shop.kustom.ch\/fr\/wp-json\/wp\/v2\/media\/483501"}],"wp:attachment":[{"href":"https:\/\/shop.kustom.ch\/fr\/wp-json\/wp\/v2\/media?parent=483475"}],"wp:term":[{"taxonomy":"product_brand","embeddable":true,"href":"https:\/\/shop.kustom.ch\/fr\/wp-json\/wp\/v2\/product_brand?post=483475"},{"taxonomy":"product_cat","embeddable":true,"href":"https:\/\/shop.kustom.ch\/fr\/wp-json\/wp\/v2\/product_cat?post=483475"},{"taxonomy":"product_tag","embeddable":true,"href":"https:\/\/shop.kustom.ch\/fr\/wp-json\/wp\/v2\/product_tag?post=483475"}],"curies":[{"name":"wp","href":"https:\/\/api.w.org\/{rel}","templated":true}]}}