{"id":483474,"date":"2025-01-24T00:08:09","date_gmt":"2025-01-23T23:08:09","guid":{"rendered":"https:\/\/shop.kustom.ch\/?post_type=product&#038;p=483474"},"modified":"2026-03-31T13:08:55","modified_gmt":"2026-03-31T12:08:55","slug":"2-0-combi-bag","status":"publish","type":"product","link":"https:\/\/shop.kustom.ch\/fr\/produit\/2-0-combi-bag\/","title":{"rendered":"2.0 Sac combin\u00e9"},"content":{"rendered":"<p>Un sac qui peut \u00e9galement servir de sac \u00e0 dos pour une multitude d'applications. Poign\u00e9e de transport en haut et \u00e0 l'avant. Bretelles avec deux anneaux en D, avec une sangle de poitrine qui assure la stabilit\u00e9 en cours de route. Deux grandes poches lat\u00e9rales avec fermeture \u00e9clair. L'une d'entre elles est isol\u00e9e et parfaite pour les boissons froides ainsi que les aliments. Grande fermeture \u00e9clair en forme de U pour un acc\u00e8s facile et un rangement rapide. Un compartiment ventil\u00e9, id\u00e9al pour les chaussures ou les v\u00eatements mouill\u00e9s. Une poche sup\u00e9rieure \u00e0 fermeture \u00e9clair avec un crochet pour le porte-cl\u00e9s. Une poche de s\u00e9curit\u00e9 cach\u00e9e derri\u00e8re les bretelles et une grande poche en filet sur le c\u00f4t\u00e9. D\u00e9tails r\u00e9fl\u00e9chissants inclus.<\/p>\n<p>Mati\u00e8re : polyester 100% avec rev\u00eatement PU<\/p>","protected":false},"excerpt":{"rendered":"<p>Eine Tasche, die sich auch als Rucksack f\u00fcr eine Vielzahl von Anwendungen eignet. Tragegriff oben und vorne. Schultergurte mit zwei D-Ringen, mit einem Brustgurt der unterwegs f\u00fcr Stabilit\u00e4t sorgt. Zwei grosse Seitentaschen mit Reissverschluss. Eine davon isoliert und perfekt f\u00fcr kalte Getr\u00e4nke sowie Lebensmittel. Grosser U-f\u00f6rmiger Reissverschluss f\u00fcr einfachen Zugang und schnelles Packen. Ein bel\u00fcftetes [&hellip;]<\/p>\n","protected":false},"featured_media":483499,"template":"","meta":[],"product_brand":[],"product_cat":[4195,4209],"product_tag":[],"class_list":{"0":"post-483474","1":"product","2":"type-product","3":"status-publish","4":"has-post-thumbnail","6":"product_cat-rucksaecke-taschen","7":"product_cat-zubehoer","8":"pa_brand-clique","9":"pa_brand-type-sportswear","10":"pa_filter-color-schwarz","12":"first","13":"instock","14":"sale","15":"taxable","16":"shipping-taxable","17":"purchasable","18":"product-type-variable","19":"add-to-wishlist-before_image"},"exclude_global_add_ons":[],"addons":[],"acf":[],"_links":{"self":[{"href":"https:\/\/shop.kustom.ch\/fr\/wp-json\/wp\/v2\/product\/483474"}],"collection":[{"href":"https:\/\/shop.kustom.ch\/fr\/wp-json\/wp\/v2\/product"}],"about":[{"href":"https:\/\/shop.kustom.ch\/fr\/wp-json\/wp\/v2\/types\/product"}],"wp:featuredmedia":[{"embeddable":true,"href":"https:\/\/shop.kustom.ch\/fr\/wp-json\/wp\/v2\/media\/483499"}],"wp:attachment":[{"href":"https:\/\/shop.kustom.ch\/fr\/wp-json\/wp\/v2\/media?parent=483474"}],"wp:term":[{"taxonomy":"product_brand","embeddable":true,"href":"https:\/\/shop.kustom.ch\/fr\/wp-json\/wp\/v2\/product_brand?post=483474"},{"taxonomy":"product_cat","embeddable":true,"href":"https:\/\/shop.kustom.ch\/fr\/wp-json\/wp\/v2\/product_cat?post=483474"},{"taxonomy":"product_tag","embeddable":true,"href":"https:\/\/shop.kustom.ch\/fr\/wp-json\/wp\/v2\/product_tag?post=483474"}],"curies":[{"name":"wp","href":"https:\/\/api.w.org\/{rel}","templated":true}]}}