{"id":483196,"date":"2024-12-20T17:30:10","date_gmt":"2024-12-20T16:30:10","guid":{"rendered":"https:\/\/shop.kustom.ch\/?post_type=product&#038;p=483196"},"modified":"2024-12-20T17:37:49","modified_gmt":"2024-12-20T16:37:49","slug":"evo-star-t-shirt-herren-kinder","status":"publish","type":"product","link":"https:\/\/shop.kustom.ch\/fr\/produit\/evo-star-t-shirt-herren-kinder\/","title":{"rendered":"Evo Star T-shirt homme\/enfant"},"content":{"rendered":"<p>T-shirt l\u00e9ger et fonctionnel pour le sport et le quotidien.<br \/>\nMat\u00e9riau fonctionnel l\u00e9ger<br \/>\nCoupe raglan et empi\u00e8cements \u00e9lastiques pour une totale libert\u00e9 de mouvement<br \/>\nEncolure ronde \u00e0 c\u00f4tes<br \/>\nDesign styl\u00e9 sur les manches avec effet 3D<\/p>","protected":false},"excerpt":{"rendered":"<p>couleur : rouge\/noir<\/p>","protected":false},"featured_media":483180,"template":"","meta":[],"product_brand":[],"product_cat":[6382],"product_tag":[],"class_list":{"0":"post-483196","1":"product","2":"type-product","3":"status-publish","4":"has-post-thumbnail","6":"product_cat-vbc-andwil-arnegg","8":"first","9":"instock","10":"taxable","11":"shipping-taxable","12":"purchasable","13":"product-type-variable","14":"add-to-wishlist-before_image"},"exclude_global_add_ons":[],"addons":[],"acf":[],"_links":{"self":[{"href":"https:\/\/shop.kustom.ch\/fr\/wp-json\/wp\/v2\/product\/483196"}],"collection":[{"href":"https:\/\/shop.kustom.ch\/fr\/wp-json\/wp\/v2\/product"}],"about":[{"href":"https:\/\/shop.kustom.ch\/fr\/wp-json\/wp\/v2\/types\/product"}],"wp:featuredmedia":[{"embeddable":true,"href":"https:\/\/shop.kustom.ch\/fr\/wp-json\/wp\/v2\/media\/483180"}],"wp:attachment":[{"href":"https:\/\/shop.kustom.ch\/fr\/wp-json\/wp\/v2\/media?parent=483196"}],"wp:term":[{"taxonomy":"product_brand","embeddable":true,"href":"https:\/\/shop.kustom.ch\/fr\/wp-json\/wp\/v2\/product_brand?post=483196"},{"taxonomy":"product_cat","embeddable":true,"href":"https:\/\/shop.kustom.ch\/fr\/wp-json\/wp\/v2\/product_cat?post=483196"},{"taxonomy":"product_tag","embeddable":true,"href":"https:\/\/shop.kustom.ch\/fr\/wp-json\/wp\/v2\/product_tag?post=483196"}],"curies":[{"name":"wp","href":"https:\/\/api.w.org\/{rel}","templated":true}]}}