{"id":483195,"date":"2024-12-20T17:30:10","date_gmt":"2024-12-20T16:30:10","guid":{"rendered":"https:\/\/shop.kustom.ch\/?post_type=product&#038;p=483195"},"modified":"2024-12-20T17:38:51","modified_gmt":"2024-12-20T16:38:51","slug":"evo-star-kapuzensweat-damen","status":"publish","type":"product","link":"https:\/\/shop.kustom.ch\/fr\/produit\/evo-star-kapuzensweat-damen\/","title":{"rendered":"Sweat \u00e0 capuche Evo Star Femmes"},"content":{"rendered":"<p>Sweat \u00e0 capuche confortable pour le sport et le quotidien.<br \/>\nMat\u00e9riau fonctionnel doux<br \/>\nCoupe raglan et empi\u00e8cements \u00e9lastiques pour une totale libert\u00e9 de mouvement<br \/>\nPoche kangourou int\u00e9gr\u00e9e<br \/>\nCapuche doubl\u00e9e avec cordon de serrage<br \/>\nLarges bords-c\u00f4tes aux manches et \u00e0 l'ourlet<br \/>\nDesign styl\u00e9 sur les manches avec effet 3D<\/p>","protected":false},"excerpt":{"rendered":"<p>couleur : rouge\/noir<\/p>","protected":false},"featured_media":483181,"template":"","meta":[],"product_brand":[],"product_cat":[6382],"product_tag":[],"class_list":{"0":"post-483195","1":"product","2":"type-product","3":"status-publish","4":"has-post-thumbnail","6":"product_cat-vbc-andwil-arnegg","8":"first","9":"instock","10":"taxable","11":"shipping-taxable","12":"purchasable","13":"product-type-variable","14":"add-to-wishlist-before_image"},"exclude_global_add_ons":[],"addons":[],"acf":[],"_links":{"self":[{"href":"https:\/\/shop.kustom.ch\/fr\/wp-json\/wp\/v2\/product\/483195"}],"collection":[{"href":"https:\/\/shop.kustom.ch\/fr\/wp-json\/wp\/v2\/product"}],"about":[{"href":"https:\/\/shop.kustom.ch\/fr\/wp-json\/wp\/v2\/types\/product"}],"wp:featuredmedia":[{"embeddable":true,"href":"https:\/\/shop.kustom.ch\/fr\/wp-json\/wp\/v2\/media\/483181"}],"wp:attachment":[{"href":"https:\/\/shop.kustom.ch\/fr\/wp-json\/wp\/v2\/media?parent=483195"}],"wp:term":[{"taxonomy":"product_brand","embeddable":true,"href":"https:\/\/shop.kustom.ch\/fr\/wp-json\/wp\/v2\/product_brand?post=483195"},{"taxonomy":"product_cat","embeddable":true,"href":"https:\/\/shop.kustom.ch\/fr\/wp-json\/wp\/v2\/product_cat?post=483195"},{"taxonomy":"product_tag","embeddable":true,"href":"https:\/\/shop.kustom.ch\/fr\/wp-json\/wp\/v2\/product_tag?post=483195"}],"curies":[{"name":"wp","href":"https:\/\/api.w.org\/{rel}","templated":true}]}}