{"id":483189,"date":"2024-12-20T17:30:10","date_gmt":"2024-12-20T16:30:10","guid":{"rendered":"https:\/\/shop.kustom.ch\/?post_type=product&#038;p=483189"},"modified":"2024-12-20T17:47:08","modified_gmt":"2024-12-20T16:47:08","slug":"evo-star-trainingsjacke-mit-kapuze-herren-kinder","status":"publish","type":"product","link":"https:\/\/shop.kustom.ch\/fr\/produit\/evo-star-trainingsjacke-mit-kapuze-herren-kinder\/","title":{"rendered":"Evo Star Veste d'entra\u00eenement avec capuche hommes\/enfants"},"content":{"rendered":"<p>Veste \u00e0 capuche r\u00e9sistante et tr\u00e8s confortable.<br \/>\nMat\u00e9riau fonctionnel r\u00e9sistant<br \/>\nCoupe raglan et empi\u00e8cements \u00e9lastiques pour une totale libert\u00e9 de mouvement<br \/>\nCol haut avec capuche et cordon de serrage<br \/>\nLarges bords-c\u00f4tes aux manches et \u00e0 l'ourlet<br \/>\nPoches lat\u00e9rales zipp\u00e9es dissimul\u00e9es<br \/>\nDesign styl\u00e9 sur les manches avec effet 3D<\/p>","protected":false},"excerpt":{"rendered":"<p>couleur : rouge\/noir<\/p>","protected":false},"featured_media":483185,"template":"","meta":[],"product_brand":[],"product_cat":[6382],"product_tag":[],"class_list":{"0":"post-483189","1":"product","2":"type-product","3":"status-publish","4":"has-post-thumbnail","6":"product_cat-vbc-andwil-arnegg","8":"first","9":"instock","10":"taxable","11":"shipping-taxable","12":"purchasable","13":"product-type-variable","14":"add-to-wishlist-before_image"},"exclude_global_add_ons":[],"addons":[],"acf":[],"_links":{"self":[{"href":"https:\/\/shop.kustom.ch\/fr\/wp-json\/wp\/v2\/product\/483189"}],"collection":[{"href":"https:\/\/shop.kustom.ch\/fr\/wp-json\/wp\/v2\/product"}],"about":[{"href":"https:\/\/shop.kustom.ch\/fr\/wp-json\/wp\/v2\/types\/product"}],"wp:featuredmedia":[{"embeddable":true,"href":"https:\/\/shop.kustom.ch\/fr\/wp-json\/wp\/v2\/media\/483185"}],"wp:attachment":[{"href":"https:\/\/shop.kustom.ch\/fr\/wp-json\/wp\/v2\/media?parent=483189"}],"wp:term":[{"taxonomy":"product_brand","embeddable":true,"href":"https:\/\/shop.kustom.ch\/fr\/wp-json\/wp\/v2\/product_brand?post=483189"},{"taxonomy":"product_cat","embeddable":true,"href":"https:\/\/shop.kustom.ch\/fr\/wp-json\/wp\/v2\/product_cat?post=483189"},{"taxonomy":"product_tag","embeddable":true,"href":"https:\/\/shop.kustom.ch\/fr\/wp-json\/wp\/v2\/product_tag?post=483189"}],"curies":[{"name":"wp","href":"https:\/\/api.w.org\/{rel}","templated":true}]}}