{"id":481991,"date":"2024-11-25T10:09:09","date_gmt":"2024-11-25T09:09:09","guid":{"rendered":"https:\/\/shop.kustom.ch\/?post_type=product&#038;p=481991"},"modified":"2026-03-27T13:47:35","modified_gmt":"2026-03-27T12:47:35","slug":"squad-go-hz-jr","status":"publish","type":"product","link":"https:\/\/shop.kustom.ch\/fr\/produit\/squad-go-hz-jr\/","title":{"rendered":"Squad Go HZ JR"},"content":{"rendered":"<p>Le Squad Go HZ est un maillot d'entra\u00eenement fonctionnel et durable qui s'int\u00e8gre parfaitement dans la garde-robe de toutes les \u00e9quipes.<\/p>\n<p>Ce maillot polyvalent et durable \u00e0 demi-fermeture \u00e9clair est fabriqu\u00e9 en tissu polyester recycl\u00e9 r\u00e9sistant et assure une excellente \u00e9vacuation de l'humidit\u00e9 lors des s\u00e9ances d'entra\u00eenement intensives. La coupe sportive assure la libert\u00e9 de mouvement et la demi-fermeture \u00e9clair permet une a\u00e9ration rapide. De plus, ce maillot d'entra\u00eenement dispose d'un col montant et d'un design \u00e9pur\u00e9 et offre suffisamment de place pour les logos du club et des sponsors.<\/p>\n<p>- Tissu r\u00e9sistant en polyester recycl\u00e9<br \/>\n- Demi-fermeture \u00e0 glissi\u00e8re<br \/>\n- Col montant<br \/>\n- Un design clair<br \/>\n- Coupe normale<\/p>\n<p>Mati\u00e8re : 100% polyester recycl\u00e9<\/p>","protected":false},"excerpt":{"rendered":"<p>Squad Go HZ ist ein funktionelles und langlebiges Trainingstrikot, das perfekt in die Garderobe eines jeden Teams passt. Dieses vielseitige und langlebige Trikot mit halbem Reissverschluss besteht aus strapazierf\u00e4higem und recyceltem Polyestergewebe und sorgt f\u00fcr einen hervorragenden Feuchtigkeitstransport bei intensiven Trainingseinheiten. Die sportliche Passform sorgt f\u00fcr Bewegungsfreiheit und der halbe Reissverschluss l\u00e4sst eine schnelle Bel\u00fcftung [&hellip;]<\/p>\n","protected":false},"featured_media":482058,"template":"","meta":[],"product_brand":[],"product_cat":[4191],"product_tag":[],"class_list":{"0":"post-481991","1":"product","2":"type-product","3":"status-publish","4":"has-post-thumbnail","6":"product_cat-longsleeves-sweatshirts","7":"pa_brand-craft-teamwear","8":"pa_brand-type-sportswear","9":"pa_filter-color-blau","10":"pa_filter-color-gelb","11":"pa_filter-color-gruen","12":"pa_filter-color-rot","13":"pa_filter-color-schwarz","15":"first","16":"instock","17":"sale","18":"taxable","19":"shipping-taxable","20":"purchasable","21":"product-type-variable","22":"add-to-wishlist-before_image"},"exclude_global_add_ons":[],"addons":[],"acf":[],"_links":{"self":[{"href":"https:\/\/shop.kustom.ch\/fr\/wp-json\/wp\/v2\/product\/481991"}],"collection":[{"href":"https:\/\/shop.kustom.ch\/fr\/wp-json\/wp\/v2\/product"}],"about":[{"href":"https:\/\/shop.kustom.ch\/fr\/wp-json\/wp\/v2\/types\/product"}],"wp:featuredmedia":[{"embeddable":true,"href":"https:\/\/shop.kustom.ch\/fr\/wp-json\/wp\/v2\/media\/482058"}],"wp:attachment":[{"href":"https:\/\/shop.kustom.ch\/fr\/wp-json\/wp\/v2\/media?parent=481991"}],"wp:term":[{"taxonomy":"product_brand","embeddable":true,"href":"https:\/\/shop.kustom.ch\/fr\/wp-json\/wp\/v2\/product_brand?post=481991"},{"taxonomy":"product_cat","embeddable":true,"href":"https:\/\/shop.kustom.ch\/fr\/wp-json\/wp\/v2\/product_cat?post=481991"},{"taxonomy":"product_tag","embeddable":true,"href":"https:\/\/shop.kustom.ch\/fr\/wp-json\/wp\/v2\/product_tag?post=481991"}],"curies":[{"name":"wp","href":"https:\/\/api.w.org\/{rel}","templated":true}]}}