{"id":481781,"date":"2024-11-25T10:05:26","date_gmt":"2024-11-25T09:05:26","guid":{"rendered":"https:\/\/shop.kustom.ch\/?post_type=product&#038;p=481781"},"modified":"2026-03-27T13:40:38","modified_gmt":"2026-03-27T12:40:38","slug":"squad-go-fz-jacket-m","status":"publish","type":"product","link":"https:\/\/shop.kustom.ch\/fr\/produit\/squad-go-fz-jacket-m\/","title":{"rendered":"Veste Squad Go FZ M"},"content":{"rendered":"<p>La veste Squad Go FZ est une veste d'entra\u00eenement fonctionnelle et durable qui s'int\u00e8gre parfaitement dans la garde-robe de chaque \u00e9quipe.<\/p>\n<p>Cette veste de surv\u00eatement polyvalente et durable avec fermeture \u00e9clair sur toute la longueur est fabriqu\u00e9e en tissu polyester r\u00e9sistant et garantit une excellente \u00e9vacuation de l'humidit\u00e9, m\u00eame lors d'entra\u00eenements intensifs. La coupe sportive assure la libert\u00e9 de mouvement et deux poches lat\u00e9rales zipp\u00e9es offrent un espace de rangement s\u00fbr pour les petits objets. De plus, la veste d'entra\u00eenement s\u00e9duit par son design clair et offre suffisamment de place pour les logos du club et des sponsors.<\/p>\n<p>- Tissu r\u00e9sistant en polyester recycl\u00e9<br \/>\n- Col montant<br \/>\n- Deux poches lat\u00e9rales avec fermeture \u00e9clair<br \/>\n- Un design clair<br \/>\n- Coupe normale<\/p>\n<p>Mati\u00e8re : 100% polyester recycl\u00e9<\/p>","protected":false},"excerpt":{"rendered":"<p>Die Squad Go FZ Jacke ist eine funktionelle und langlebige Trainingsjacke, die perfekt in die Garderobe eines jeden Teams passt. Diese vielseitige und langlebige Trainingsjacke mit durchgehendem Reissverschluss besteht aus strapazierf\u00e4higem Polyestergewebe und gew\u00e4hrleistet auch bei intensiven Trainingseinheiten einen hervorragenden Feuchtigkeitstransport. Die sportliche Passform sorgt f\u00fcr Bewegungsfreiheit und zwei Seitentaschen mit Reissverschluss bieten sicheren Stauraum [&hellip;]<\/p>\n","protected":false},"featured_media":481842,"template":"","meta":[],"product_brand":[],"product_cat":[4191],"product_tag":[],"class_list":{"0":"post-481781","1":"product","2":"type-product","3":"status-publish","4":"has-post-thumbnail","6":"product_cat-longsleeves-sweatshirts","7":"pa_brand-craft-teamwear","8":"pa_brand-type-sportswear","9":"pa_filter-color-blau","10":"pa_filter-color-gelb","11":"pa_filter-color-gruen","12":"pa_filter-color-rot","13":"pa_filter-color-schwarz","15":"first","16":"instock","17":"sale","18":"taxable","19":"shipping-taxable","20":"purchasable","21":"product-type-variable","22":"add-to-wishlist-before_image"},"exclude_global_add_ons":[],"addons":[],"acf":[],"_links":{"self":[{"href":"https:\/\/shop.kustom.ch\/fr\/wp-json\/wp\/v2\/product\/481781"}],"collection":[{"href":"https:\/\/shop.kustom.ch\/fr\/wp-json\/wp\/v2\/product"}],"about":[{"href":"https:\/\/shop.kustom.ch\/fr\/wp-json\/wp\/v2\/types\/product"}],"wp:featuredmedia":[{"embeddable":true,"href":"https:\/\/shop.kustom.ch\/fr\/wp-json\/wp\/v2\/media\/481842"}],"wp:attachment":[{"href":"https:\/\/shop.kustom.ch\/fr\/wp-json\/wp\/v2\/media?parent=481781"}],"wp:term":[{"taxonomy":"product_brand","embeddable":true,"href":"https:\/\/shop.kustom.ch\/fr\/wp-json\/wp\/v2\/product_brand?post=481781"},{"taxonomy":"product_cat","embeddable":true,"href":"https:\/\/shop.kustom.ch\/fr\/wp-json\/wp\/v2\/product_cat?post=481781"},{"taxonomy":"product_tag","embeddable":true,"href":"https:\/\/shop.kustom.ch\/fr\/wp-json\/wp\/v2\/product_tag?post=481781"}],"curies":[{"name":"wp","href":"https:\/\/api.w.org\/{rel}","templated":true}]}}