{"id":481656,"date":"2024-11-25T10:03:06","date_gmt":"2024-11-25T09:03:06","guid":{"rendered":"https:\/\/shop.kustom.ch\/?post_type=product&#038;p=481656"},"modified":"2026-04-16T09:51:49","modified_gmt":"2026-04-16T08:51:49","slug":"adv-urban-lt-padded-overshirt","status":"publish","type":"product","link":"https:\/\/shop.kustom.ch\/fr\/produit\/adv-urban-lt-padded-overshirt\/","title":{"rendered":"Surv\u00eatement ADV Urban Lt Padded"},"content":{"rendered":"<p>Le surv\u00eatement ADV Urban Light Padded est un v\u00eatement l\u00e9g\u00e8rement isol\u00e9 qui allie parfaitement l'esth\u00e9tique streetwear et la fonctionnalit\u00e9, ce qui le rend adapt\u00e9 \u00e0 une multitude d'occasions.<\/p>\n<p>Ce surv\u00eatement styl\u00e9 combine un tissu ext\u00e9rieur d\u00e9perlant avec un l\u00e9ger rembourrage en polyester. Il en r\u00e9sulte un v\u00eatement polyvalent qui offre juste assez de chaleur sans \u00eatre encombrant, de sorte que vous pouvez le porter par-dessus un T-shirt ou sous une veste plus lourde lorsque les temp\u00e9ratures baissent. Le surv\u00eatement est \u00e9galement dot\u00e9 d'un devant boutonn\u00e9, d'un col de chemise, de deux poches lat\u00e9rales zipp\u00e9es et d'une poche de poitrine zipp\u00e9e.<\/p>\n<p>- Tissu ext\u00e9rieur hydrofuge en polyamide recycl\u00e9<br \/>\n- Isolation l\u00e9g\u00e8re en polyester dans le torse (80 g\/m\u00b2)<br \/>\n- Devant \u00e0 boutonner (boutons-pression)<br \/>\n- Deux poches lat\u00e9rales \u00e0 fermeture \u00e9clair<br \/>\n- poche de poitrine avec fermeture \u00e9clair sur la poitrine gauche<br \/>\n- Col de chemise<br \/>\n- fente et fermeture \u00e0 bouton-pression aux extr\u00e9mit\u00e9s des manches<br \/>\n- Coupe normale<\/p>\n<p>Mat\u00e9riau : Corps : 100% polyamide recycl\u00e9. Doublure : 90% polyester recycl\u00e9, 10% \u00e9lasthanne<\/p>","protected":false},"excerpt":{"rendered":"<p>Das ADV Urban Light Padded Overshirt ist ein leicht isoliertes Kleidungsst\u00fcck, das Streetwear-\u00c4sthetik sowie Funktionalit\u00e4t nahtlos miteinander verbindet und somit f\u00fcr eine Vielzahl von Anl\u00e4ssen geeignet ist. Dieses stylische Overshirt kombiniert ein wasserabweisendes Aussenmaterial mit einer leichten Polyesterwattierung. Das Ergebnis ist ein vielseitiges Kleidungsst\u00fcck, das gerade genug W\u00e4rme bietet, ohne sich sperrig anzuf\u00fchlen, sodass Sie [&hellip;]<\/p>\n","protected":false},"featured_media":481702,"template":"","meta":[],"product_brand":[],"product_cat":[4186],"product_tag":[],"class_list":{"0":"post-481656","1":"product","2":"type-product","3":"status-publish","4":"has-post-thumbnail","6":"product_cat-jacken","7":"pa_brand-craft-retail-sportswear","8":"pa_brand-type-sportswear","9":"pa_filter-color-gruen","10":"pa_filter-color-schwarz","12":"first","13":"instock","14":"sale","15":"taxable","16":"shipping-taxable","17":"purchasable","18":"product-type-variable","19":"add-to-wishlist-before_image"},"exclude_global_add_ons":[],"addons":[],"acf":[],"_links":{"self":[{"href":"https:\/\/shop.kustom.ch\/fr\/wp-json\/wp\/v2\/product\/481656"}],"collection":[{"href":"https:\/\/shop.kustom.ch\/fr\/wp-json\/wp\/v2\/product"}],"about":[{"href":"https:\/\/shop.kustom.ch\/fr\/wp-json\/wp\/v2\/types\/product"}],"wp:featuredmedia":[{"embeddable":true,"href":"https:\/\/shop.kustom.ch\/fr\/wp-json\/wp\/v2\/media\/481702"}],"wp:attachment":[{"href":"https:\/\/shop.kustom.ch\/fr\/wp-json\/wp\/v2\/media?parent=481656"}],"wp:term":[{"taxonomy":"product_brand","embeddable":true,"href":"https:\/\/shop.kustom.ch\/fr\/wp-json\/wp\/v2\/product_brand?post=481656"},{"taxonomy":"product_cat","embeddable":true,"href":"https:\/\/shop.kustom.ch\/fr\/wp-json\/wp\/v2\/product_cat?post=481656"},{"taxonomy":"product_tag","embeddable":true,"href":"https:\/\/shop.kustom.ch\/fr\/wp-json\/wp\/v2\/product_tag?post=481656"}],"curies":[{"name":"wp","href":"https:\/\/api.w.org\/{rel}","templated":true}]}}