{"id":481526,"date":"2024-11-25T10:00:53","date_gmt":"2024-11-25T09:00:53","guid":{"rendered":"https:\/\/shop.kustom.ch\/?post_type=product&#038;p=481526"},"modified":"2026-03-27T14:27:36","modified_gmt":"2026-03-27T13:27:36","slug":"squad-go-function-tee-jr","status":"publish","type":"product","link":"https:\/\/shop.kustom.ch\/fr\/produit\/squad-go-function-tee-jr\/","title":{"rendered":"T-shirt Squad Go Function JR"},"content":{"rendered":"<p>Le tee-shirt Squad Go Function est fabriqu\u00e9 dans un tissu doux, l\u00e9ger et \u00e0 s\u00e9chage rapide, qui assure une \u00e9vacuation efficace de l'humidit\u00e9 et un grand confort. Ce t-shirt fonctionnel est id\u00e9al pour la plupart des sports d'\u00e9quipe et convient parfaitement pour renforcer l'esprit d'\u00e9quipe. De plus, son design \u00e9pur\u00e9 offre beaucoup d'espace pour les \u00e9cussons et les logos des sponsors.<\/p>\n<p>- Tissu l\u00e9ger et \u00e0 s\u00e9chage rapide en polyester recycl\u00e9<br \/>\n- Un design clair pour les armoiries et les logos<br \/>\n- Coupe normale<\/p>\n<p>Mati\u00e8re : 100% polyester recycl\u00e9<\/p>","protected":false},"excerpt":{"rendered":"<p>Das Squad Go Function Tee besteht aus weichem, leichtem und schnell trocknendem Stoff, der effizienten Feuchtigkeitstransport und hohen Komfort gew\u00e4hrleistet. Dieses funktionelle T-Shirt ist ideal f\u00fcr die meisten Mannschaftssportarten und eignet sich perfekt zur St\u00e4rkung des Teamgeists. Dar\u00fcber hinaus bietet das klare Design viel Platz f\u00fcr Wappen und Sponsorenlogos. \u2022 Leichter und schnell trocknender Stoff [&hellip;]<\/p>\n","protected":false},"featured_media":481588,"template":"","meta":[],"product_brand":[],"product_cat":[4201],"product_tag":[],"class_list":{"0":"post-481526","1":"product","2":"type-product","3":"status-publish","4":"has-post-thumbnail","6":"product_cat-t-shirts","7":"pa_brand-craft-teamwear","8":"pa_brand-type-sportswear","9":"pa_filter-color-blau","10":"pa_filter-color-gruen","11":"pa_filter-color-rot","12":"pa_filter-color-schwarz","13":"pa_filter-color-weiss","15":"first","16":"instock","17":"sale","18":"taxable","19":"shipping-taxable","20":"purchasable","21":"product-type-variable","22":"add-to-wishlist-before_image"},"exclude_global_add_ons":[],"addons":[],"acf":[],"_links":{"self":[{"href":"https:\/\/shop.kustom.ch\/fr\/wp-json\/wp\/v2\/product\/481526"}],"collection":[{"href":"https:\/\/shop.kustom.ch\/fr\/wp-json\/wp\/v2\/product"}],"about":[{"href":"https:\/\/shop.kustom.ch\/fr\/wp-json\/wp\/v2\/types\/product"}],"wp:featuredmedia":[{"embeddable":true,"href":"https:\/\/shop.kustom.ch\/fr\/wp-json\/wp\/v2\/media\/481588"}],"wp:attachment":[{"href":"https:\/\/shop.kustom.ch\/fr\/wp-json\/wp\/v2\/media?parent=481526"}],"wp:term":[{"taxonomy":"product_brand","embeddable":true,"href":"https:\/\/shop.kustom.ch\/fr\/wp-json\/wp\/v2\/product_brand?post=481526"},{"taxonomy":"product_cat","embeddable":true,"href":"https:\/\/shop.kustom.ch\/fr\/wp-json\/wp\/v2\/product_cat?post=481526"},{"taxonomy":"product_tag","embeddable":true,"href":"https:\/\/shop.kustom.ch\/fr\/wp-json\/wp\/v2\/product_tag?post=481526"}],"curies":[{"name":"wp","href":"https:\/\/api.w.org\/{rel}","templated":true}]}}