{"id":480673,"date":"2024-11-25T09:43:16","date_gmt":"2024-11-25T08:43:16","guid":{"rendered":"https:\/\/shop.kustom.ch\/?post_type=product&#038;p=480673"},"modified":"2026-03-27T13:52:54","modified_gmt":"2026-03-27T12:52:54","slug":"adv-explore-lt-down-vest-m","status":"publish","type":"product","link":"https:\/\/shop.kustom.ch\/fr\/produit\/adv-explore-lt-down-vest-m\/","title":{"rendered":"ADV Explore Lt. Down Vest M"},"content":{"rendered":"<p>La veste ADV Explore Light Down Vest est un gilet en duvet l\u00e9ger et particuli\u00e8rement peu encombrant, qui offre une excellente isolation par temps froid. Con\u00e7ue pour une grande vari\u00e9t\u00e9 d'aventures en plein air, de la randonn\u00e9e et du camping au ski et \u00e0 l'escalade.<\/p>\n<p>Ce gilet en duvet polyvalent est dot\u00e9 d'une isolation l\u00e9g\u00e8re en duvet 90\/10 qui offre un excellent rapport chaleur\/poids. Que vous affrontiez un matin d'hiver glacial ou que vous randonniez sur un terrain enneig\u00e9, ce gilet offre l'isolation dont vous avez besoin pour rester au chaud et confortable. De plus, le gilet est dot\u00e9 d'un tissu ext\u00e9rieur ripstop hydrofuge qui assure une fonctionnalit\u00e9 et une durabilit\u00e9 exceptionnelles. Le gilet dispose \u00e9galement de deux poches lat\u00e9rales zipp\u00e9es pour ranger vos effets personnels en toute s\u00e9curit\u00e9. Il se range facilement dans sa propre poche lat\u00e9rale, dans une poche ou dans un sac \u00e0 dos et convient parfaitement comme couche ext\u00e9rieure ou comme couche interm\u00e9diaire dans des conditions vraiment froides. <\/p>\n<p>- Tissu ext\u00e9rieur ripstop hydrofuge en polyester recycl\u00e9<br \/>\n- Isolation fine et l\u00e9g\u00e8re en duvet 90\/10<br \/>\n- Design matelass\u00e9<br \/>\n- Protection du menton tricot\u00e9e<br \/>\n- Deux poches lat\u00e9rales avec fermeture \u00e9clair<br \/>\n- Emballage particuli\u00e8rement peu encombrant<br \/>\n- Coupe normale<\/p>\n<p>Mat\u00e9riau : corps : 100% polyamide recycl\u00e9. Rembourrage : 10% plumes, 90% duvet<\/p>","protected":false},"excerpt":{"rendered":"<p>Die ADV Explore Light Down Vest ist eine leichte und besonders raumsparend verpackbare Daunenweste, die an kalten Tagen eine hervorragende Isolierung bietet. Entwickelt f\u00fcr eine Vielzahl von Outdoor-Abenteuern, von Wandern und Camping bis hin zum Skifahren und Klettern. Diese vielseitige Daunenweste verf\u00fcgt \u00fcber eine leichte 90\/10-Daunenisolierung, die ein hervorragendes W\u00e4rme-Gewichts-Verh\u00e4ltnis bietet. Egal, ob Sie einem [&hellip;]<\/p>\n","protected":false},"featured_media":480721,"template":"","meta":[],"product_brand":[],"product_cat":[4208],"product_tag":[],"class_list":{"0":"post-480673","1":"product","2":"type-product","3":"status-publish","4":"has-post-thumbnail","6":"product_cat-westen","7":"pa_brand-craft-retail-sportswear","8":"pa_brand-type-sportswear","9":"pa_filter-color-schwarz","11":"first","12":"instock","13":"sale","14":"taxable","15":"shipping-taxable","16":"purchasable","17":"product-type-variable","18":"add-to-wishlist-before_image"},"exclude_global_add_ons":[],"addons":[],"acf":[],"_links":{"self":[{"href":"https:\/\/shop.kustom.ch\/fr\/wp-json\/wp\/v2\/product\/480673"}],"collection":[{"href":"https:\/\/shop.kustom.ch\/fr\/wp-json\/wp\/v2\/product"}],"about":[{"href":"https:\/\/shop.kustom.ch\/fr\/wp-json\/wp\/v2\/types\/product"}],"wp:featuredmedia":[{"embeddable":true,"href":"https:\/\/shop.kustom.ch\/fr\/wp-json\/wp\/v2\/media\/480721"}],"wp:attachment":[{"href":"https:\/\/shop.kustom.ch\/fr\/wp-json\/wp\/v2\/media?parent=480673"}],"wp:term":[{"taxonomy":"product_brand","embeddable":true,"href":"https:\/\/shop.kustom.ch\/fr\/wp-json\/wp\/v2\/product_brand?post=480673"},{"taxonomy":"product_cat","embeddable":true,"href":"https:\/\/shop.kustom.ch\/fr\/wp-json\/wp\/v2\/product_cat?post=480673"},{"taxonomy":"product_tag","embeddable":true,"href":"https:\/\/shop.kustom.ch\/fr\/wp-json\/wp\/v2\/product_tag?post=480673"}],"curies":[{"name":"wp","href":"https:\/\/api.w.org\/{rel}","templated":true}]}}