{"id":480255,"date":"2024-11-25T09:35:28","date_gmt":"2024-11-25T08:35:28","guid":{"rendered":"https:\/\/shop.kustom.ch\/?post_type=product&#038;p=480255"},"modified":"2026-03-27T13:27:08","modified_gmt":"2026-03-27T12:27:08","slug":"pro-nordic-race-wind-tights-2-w","status":"publish","type":"product","link":"https:\/\/shop.kustom.ch\/fr\/produit\/pro-nordic-race-wind-tights-2-w\/","title":{"rendered":"PRO Nordic Race Wind Tights 2 W"},"content":{"rendered":"<p>Les collants PRO Nordic Race Wind Tights 2 sont des collants de ski de haute qualit\u00e9, con\u00e7us pour une performance maximale au plus haut niveau en ski de fond.<\/p>\n<p>Ces collants de ski nordiques innovants sont fabriqu\u00e9s en tissu Ventair\u00ae 3 couches \u00e9lastique et hautement fonctionnel, qui offre une excellente protection contre les intemp\u00e9ries et une r\u00e9gulation efficace de la chaleur corporelle. De plus, ces collants performants sont dot\u00e9s d'un jersey bross\u00e9 \u00e0 l'arri\u00e8re pour une meilleure \u00e9vacuation de l'humidit\u00e9, d'a\u00e9rations d\u00e9coup\u00e9es au laser, de bas de jambes scell\u00e9s pour un ajustement parfait et d'une fermeture \u00e9clair au bas des jambes pour un enfilage et un retrait faciles.<\/p>\n<p>- Tissu stretch Ventair\u00ae 3 couches imperm\u00e9able au vent et \u00e0 l'eau (WP 15.000\/MVP 10.000)<br \/>\n- Jersey bross\u00e9 au dos pour une \u00e9vacuation efficace de l'humidit\u00e9<br \/>\n- a\u00e9rations d\u00e9coup\u00e9es au laser pour la r\u00e9gulation de la chaleur<br \/>\n- Ceinture \u00e9lastique avec cordon de serrage<br \/>\n- fermeture \u00e9clair au bas des jambes<br \/>\n- Extr\u00e9mit\u00e9s des jambes cousues pour un ajustement parfait<\/p>\n<p>Mat\u00e9riau : Avant : 100% polyester recycl\u00e9. Milieu : 100% polyur\u00e9thane. Dos : 100% polyester. Corps du dos : 82% polyester recycl\u00e9, 18% \u00e9lasthanne<\/p>","protected":false},"excerpt":{"rendered":"<p>Die PRO Nordic Race Wind Tights 2 sind hochwertige Skitights, die f\u00fcr maximale Leistung auf h\u00f6chstem Niveau im Langlaufski konzipiert wurden. Diese innovativen nordischen Skitights bestehen aus elastischem und hochfunktionellem 3-Lagen-Ventair\u00ae-Gewebe, das einen ausgezeichneten Wetterschutz und eine effiziente K\u00f6rperw\u00e4rmeregulierung bietet. Zudem verf\u00fcgen diese leistungsstarken Tights \u00fcber ein geb\u00fcrstetes Jersey am R\u00fccken f\u00fcr verbesserten Feuchtigkeitstransport, laser-geschnittene [&hellip;]<\/p>\n","protected":false},"featured_media":480310,"template":"","meta":[],"product_brand":[],"product_cat":[4190],"product_tag":[],"class_list":{"0":"post-480255","1":"product","2":"type-product","3":"status-publish","4":"has-post-thumbnail","6":"product_cat-leggings","7":"pa_brand-craft-retail-sportswear","8":"pa_brand-type-sportswear","9":"pa_filter-color-schwarz","10":"pa_filter-color-weiss","12":"first","13":"instock","14":"sale","15":"taxable","16":"shipping-taxable","17":"purchasable","18":"product-type-variable","19":"add-to-wishlist-before_image"},"exclude_global_add_ons":[],"addons":[],"acf":[],"_links":{"self":[{"href":"https:\/\/shop.kustom.ch\/fr\/wp-json\/wp\/v2\/product\/480255"}],"collection":[{"href":"https:\/\/shop.kustom.ch\/fr\/wp-json\/wp\/v2\/product"}],"about":[{"href":"https:\/\/shop.kustom.ch\/fr\/wp-json\/wp\/v2\/types\/product"}],"wp:featuredmedia":[{"embeddable":true,"href":"https:\/\/shop.kustom.ch\/fr\/wp-json\/wp\/v2\/media\/480310"}],"wp:attachment":[{"href":"https:\/\/shop.kustom.ch\/fr\/wp-json\/wp\/v2\/media?parent=480255"}],"wp:term":[{"taxonomy":"product_brand","embeddable":true,"href":"https:\/\/shop.kustom.ch\/fr\/wp-json\/wp\/v2\/product_brand?post=480255"},{"taxonomy":"product_cat","embeddable":true,"href":"https:\/\/shop.kustom.ch\/fr\/wp-json\/wp\/v2\/product_cat?post=480255"},{"taxonomy":"product_tag","embeddable":true,"href":"https:\/\/shop.kustom.ch\/fr\/wp-json\/wp\/v2\/product_tag?post=480255"}],"curies":[{"name":"wp","href":"https:\/\/api.w.org\/{rel}","templated":true}]}}