{"id":478128,"date":"2024-11-25T08:55:21","date_gmt":"2024-11-25T07:55:21","guid":{"rendered":"https:\/\/shop.kustom.ch\/?post_type=product&#038;p=478128"},"modified":"2026-03-27T13:21:36","modified_gmt":"2026-03-27T12:21:36","slug":"progress-2-0-contrast-sock","status":"publish","type":"product","link":"https:\/\/shop.kustom.ch\/fr\/produit\/progress-2-0-contrast-sock\/","title":{"rendered":"Chaussette Progress 2.0 Contrast"},"content":{"rendered":"<p>Chaussettes de match et d'entra\u00eenement avec des inserts tricot\u00e9s strat\u00e9giquement plac\u00e9s pour maintenir les prot\u00e8ge-tibias en place. Fabriqu\u00e9es dans des tissus fonctionnels, r\u00e9sistants et extensibles, elles offrent un excellent ajustement et gardent les pieds au sec pendant les activit\u00e9s intenses.<\/p>\n<p>Mati\u00e8re : 80% polyester recycl\u00e9, 20% \u00e9lasthanne<\/p>","protected":false},"excerpt":{"rendered":"<p>Match- und Trainingssocke mit strategisch platzierten gestrickten Eins\u00e4tzen, die Schienbeinschoner an Ort und Stelle halten. Hergestellt aus funktionalen, strapazierf\u00e4higen und dehnbaren Stoffen, die eine ausgezeichnete Passform bieten und die F\u00fcsse w\u00e4hrend intensiver Aktivit\u00e4ten trocken halten. Material: 80% Recycling-Polyester, 20% Elasthan<\/p>","protected":false},"featured_media":478170,"template":"","meta":[],"product_brand":[],"product_cat":[4199],"product_tag":[],"class_list":{"0":"post-478128","1":"product","2":"type-product","3":"status-publish","4":"has-post-thumbnail","6":"product_cat-socken","7":"pa_brand-craft-teamwear","8":"pa_brand-type-sportswear","9":"pa_filter-color-blau","10":"pa_filter-color-gelb","11":"pa_filter-color-gruen","12":"pa_filter-color-rot","13":"pa_filter-color-schwarz","14":"pa_filter-color-weiss","16":"first","17":"instock","18":"sale","19":"taxable","20":"shipping-taxable","21":"purchasable","22":"product-type-variable","23":"add-to-wishlist-before_image"},"exclude_global_add_ons":[],"addons":[],"acf":[],"_links":{"self":[{"href":"https:\/\/shop.kustom.ch\/fr\/wp-json\/wp\/v2\/product\/478128"}],"collection":[{"href":"https:\/\/shop.kustom.ch\/fr\/wp-json\/wp\/v2\/product"}],"about":[{"href":"https:\/\/shop.kustom.ch\/fr\/wp-json\/wp\/v2\/types\/product"}],"wp:featuredmedia":[{"embeddable":true,"href":"https:\/\/shop.kustom.ch\/fr\/wp-json\/wp\/v2\/media\/478170"}],"wp:attachment":[{"href":"https:\/\/shop.kustom.ch\/fr\/wp-json\/wp\/v2\/media?parent=478128"}],"wp:term":[{"taxonomy":"product_brand","embeddable":true,"href":"https:\/\/shop.kustom.ch\/fr\/wp-json\/wp\/v2\/product_brand?post=478128"},{"taxonomy":"product_cat","embeddable":true,"href":"https:\/\/shop.kustom.ch\/fr\/wp-json\/wp\/v2\/product_cat?post=478128"},{"taxonomy":"product_tag","embeddable":true,"href":"https:\/\/shop.kustom.ch\/fr\/wp-json\/wp\/v2\/product_tag?post=478128"}],"curies":[{"name":"wp","href":"https:\/\/api.w.org\/{rel}","templated":true}]}}