{"id":478104,"date":"2024-11-25T08:54:53","date_gmt":"2024-11-25T07:54:53","guid":{"rendered":"https:\/\/shop.kustom.ch\/?post_type=product&#038;p=478104"},"modified":"2026-03-30T12:31:36","modified_gmt":"2026-03-30T11:31:36","slug":"pro-trail-shorts-w","status":"publish","type":"product","link":"https:\/\/shop.kustom.ch\/fr\/produit\/pro-trail-shorts-w\/","title":{"rendered":"PRO Trail Shorts W"},"content":{"rendered":"<p>Le short PRO Trail est un short de course professionnel con\u00e7u pour le trail running de haute intensit\u00e9. Les shorts sont fabriqu\u00e9s dans un tissu ripstop l\u00e9ger, r\u00e9sistant et \u00e9lastique et sont \u00e9quip\u00e9s de collants courts int\u00e9rieurs en polyamide pour un maintien s\u00fbr. De plus, les shorts disposent de plusieurs poches pour stocker le gel et tout ce qui est n\u00e9cessaire pour le trail running longue distance.<\/p>\n<p>- Tissu ripstop l\u00e9ger et \u00e9lastique en polyester recycl\u00e9 et \u00e9lasthanne<br \/>\n- Cuissard court int\u00e9rieur en jersey polyamide<br \/>\n- poches en filet \u00e0 l'arri\u00e8re avec trois compartiments<br \/>\n- Coupe normale<\/p>\n<p>Mati\u00e8re : Corps : 90% polyester recycl\u00e9, 10% \u00e9lasthanne. Corps de doublure : 91% polyamide recycl\u00e9, 9% \u00e9lasthanne. Haut du corps avant : 90% polyamide, 10% \u00e9lasthanne<\/p>","protected":false},"excerpt":{"rendered":"<p>Die PRO Trail Shorts sind professionelle Laufshorts, die f\u00fcr hochintensives Trailrunning entwickelt wurden. Die Shorts bestehen aus einem leichten, strapazierf\u00e4higen und elastischen Ripstop-Gewebe und sind mit inneren kurzen Tights aus Polyamid f\u00fcr einen sicheren Sitz ausgestattet. Dar\u00fcber hinaus verf\u00fcgen die Shorts \u00fcber mehrere Taschen zur Aufbewahrung von Gel und allem anderen, das f\u00fcr Langstrecken-Trailrunning n\u00f6tig [&hellip;]<\/p>\n","protected":false},"featured_media":478162,"template":"","meta":[],"product_brand":[],"product_cat":[4198],"product_tag":[],"class_list":{"0":"post-478104","1":"product","2":"type-product","3":"status-publish","4":"has-post-thumbnail","6":"product_cat-shorts","7":"pa_brand-craft-retail-sportswear","8":"pa_brand-type-sportswear","9":"pa_filter-color-schwarz","11":"first","12":"instock","13":"sale","14":"taxable","15":"shipping-taxable","16":"purchasable","17":"product-type-variable","18":"add-to-wishlist-before_image"},"exclude_global_add_ons":[],"addons":[],"acf":[],"_links":{"self":[{"href":"https:\/\/shop.kustom.ch\/fr\/wp-json\/wp\/v2\/product\/478104"}],"collection":[{"href":"https:\/\/shop.kustom.ch\/fr\/wp-json\/wp\/v2\/product"}],"about":[{"href":"https:\/\/shop.kustom.ch\/fr\/wp-json\/wp\/v2\/types\/product"}],"wp:featuredmedia":[{"embeddable":true,"href":"https:\/\/shop.kustom.ch\/fr\/wp-json\/wp\/v2\/media\/478162"}],"wp:attachment":[{"href":"https:\/\/shop.kustom.ch\/fr\/wp-json\/wp\/v2\/media?parent=478104"}],"wp:term":[{"taxonomy":"product_brand","embeddable":true,"href":"https:\/\/shop.kustom.ch\/fr\/wp-json\/wp\/v2\/product_brand?post=478104"},{"taxonomy":"product_cat","embeddable":true,"href":"https:\/\/shop.kustom.ch\/fr\/wp-json\/wp\/v2\/product_cat?post=478104"},{"taxonomy":"product_tag","embeddable":true,"href":"https:\/\/shop.kustom.ch\/fr\/wp-json\/wp\/v2\/product_tag?post=478104"}],"curies":[{"name":"wp","href":"https:\/\/api.w.org\/{rel}","templated":true}]}}