{"id":478078,"date":"2024-11-25T08:54:27","date_gmt":"2024-11-25T07:54:27","guid":{"rendered":"https:\/\/shop.kustom.ch\/?post_type=product&#038;p=478078"},"modified":"2026-03-27T14:53:41","modified_gmt":"2026-03-27T13:53:41","slug":"pro-hypervent-singlet-2-w","status":"publish","type":"product","link":"https:\/\/shop.kustom.ch\/fr\/produit\/pro-hypervent-singlet-2-w\/","title":{"rendered":"PRO Hypervent Singlet 2 W"},"content":{"rendered":"<p>Singlet de course en polyester recycl\u00e9 l\u00e9ger et jersey \u00e9lasthanne avec dos perfor\u00e9 et coutures soud\u00e9es.<\/p>\n<p>Mati\u00e8re : 91% polyester recycl\u00e9, 9% \u00e9lasthanne<\/p>","protected":false},"excerpt":{"rendered":"<p>Laufsinglet aus leichtem Recycling-Polyester und Elasthan-Jersey mit perforierter R\u00fcckseite und verschweissten N\u00e4hten. Material: 91% Recycling-Polyester, 9% Elasthan<\/p>","protected":false},"featured_media":478138,"template":"","meta":[],"product_brand":[],"product_cat":[4202],"product_tag":[],"class_list":{"0":"post-478078","1":"product","2":"type-product","3":"status-publish","4":"has-post-thumbnail","6":"product_cat-tank-tops","7":"pa_brand-craft-retail-sportswear","8":"pa_brand-type-sportswear","10":"first","11":"instock","12":"sale","13":"taxable","14":"shipping-taxable","15":"purchasable","16":"product-type-variable","17":"add-to-wishlist-before_image"},"exclude_global_add_ons":[],"addons":[],"acf":[],"_links":{"self":[{"href":"https:\/\/shop.kustom.ch\/fr\/wp-json\/wp\/v2\/product\/478078"}],"collection":[{"href":"https:\/\/shop.kustom.ch\/fr\/wp-json\/wp\/v2\/product"}],"about":[{"href":"https:\/\/shop.kustom.ch\/fr\/wp-json\/wp\/v2\/types\/product"}],"wp:featuredmedia":[{"embeddable":true,"href":"https:\/\/shop.kustom.ch\/fr\/wp-json\/wp\/v2\/media\/478138"}],"wp:attachment":[{"href":"https:\/\/shop.kustom.ch\/fr\/wp-json\/wp\/v2\/media?parent=478078"}],"wp:term":[{"taxonomy":"product_brand","embeddable":true,"href":"https:\/\/shop.kustom.ch\/fr\/wp-json\/wp\/v2\/product_brand?post=478078"},{"taxonomy":"product_cat","embeddable":true,"href":"https:\/\/shop.kustom.ch\/fr\/wp-json\/wp\/v2\/product_cat?post=478078"},{"taxonomy":"product_tag","embeddable":true,"href":"https:\/\/shop.kustom.ch\/fr\/wp-json\/wp\/v2\/product_tag?post=478078"}],"curies":[{"name":"wp","href":"https:\/\/api.w.org\/{rel}","templated":true}]}}