{"id":477980,"date":"2024-11-25T08:52:43","date_gmt":"2024-11-25T07:52:43","guid":{"rendered":"https:\/\/shop.kustom.ch\/?post_type=product&#038;p=477980"},"modified":"2026-03-27T15:16:24","modified_gmt":"2026-03-27T14:16:24","slug":"pro-hypervent-long-shorts-2-m","status":"publish","type":"product","link":"https:\/\/shop.kustom.ch\/fr\/produit\/pro-hypervent-long-shorts-2-m\/","title":{"rendered":"PRO Hypervent Short long 2 M"},"content":{"rendered":"<p>Short de course long pour hommes en mati\u00e8re l\u00e9g\u00e8re et perfor\u00e9e en polyester stretch et \u00e9lasthanne avec ceinture en mesh r\u00e9glable.<\/p>\n<p>Mati\u00e8re : 90% polyamide recycl\u00e9, 10% \u00e9lasthanne<\/p>","protected":false},"excerpt":{"rendered":"<p>Lange Herren-Laufshorts aus leichtem, perforiertem Material aus Stretchpolyester und Elasthan mit verstellbarem Mesh-H\u00fcftbund. Material: 90% Recycling-Poylamid, 10% Elasthan<\/p>","protected":false},"featured_media":478044,"template":"","meta":[],"product_brand":[],"product_cat":[4198],"product_tag":[],"class_list":{"0":"post-477980","1":"product","2":"type-product","3":"status-publish","4":"has-post-thumbnail","6":"product_cat-shorts","7":"pa_brand-craft-retail-sportswear","8":"pa_brand-type-sportswear","9":"pa_filter-color-schwarz","11":"first","12":"instock","13":"sale","14":"taxable","15":"shipping-taxable","16":"purchasable","17":"product-type-variable","18":"add-to-wishlist-before_image"},"exclude_global_add_ons":[],"addons":[],"acf":[],"_links":{"self":[{"href":"https:\/\/shop.kustom.ch\/fr\/wp-json\/wp\/v2\/product\/477980"}],"collection":[{"href":"https:\/\/shop.kustom.ch\/fr\/wp-json\/wp\/v2\/product"}],"about":[{"href":"https:\/\/shop.kustom.ch\/fr\/wp-json\/wp\/v2\/types\/product"}],"wp:featuredmedia":[{"embeddable":true,"href":"https:\/\/shop.kustom.ch\/fr\/wp-json\/wp\/v2\/media\/478044"}],"wp:attachment":[{"href":"https:\/\/shop.kustom.ch\/fr\/wp-json\/wp\/v2\/media?parent=477980"}],"wp:term":[{"taxonomy":"product_brand","embeddable":true,"href":"https:\/\/shop.kustom.ch\/fr\/wp-json\/wp\/v2\/product_brand?post=477980"},{"taxonomy":"product_cat","embeddable":true,"href":"https:\/\/shop.kustom.ch\/fr\/wp-json\/wp\/v2\/product_cat?post=477980"},{"taxonomy":"product_tag","embeddable":true,"href":"https:\/\/shop.kustom.ch\/fr\/wp-json\/wp\/v2\/product_tag?post=477980"}],"curies":[{"name":"wp","href":"https:\/\/api.w.org\/{rel}","templated":true}]}}