{"id":477933,"date":"2024-11-25T08:51:52","date_gmt":"2024-11-25T07:51:52","guid":{"rendered":"https:\/\/shop.kustom.ch\/?post_type=product&#038;p=477933"},"modified":"2026-03-27T15:15:41","modified_gmt":"2026-03-27T14:15:41","slug":"pro-hypervent-2in1-shorts-2-m","status":"publish","type":"product","link":"https:\/\/shop.kustom.ch\/fr\/produit\/pro-hypervent-2in1-shorts-2-m\/","title":{"rendered":"PRO Hypervent 2in1 Short 2 M"},"content":{"rendered":"<p>Short de course l\u00e9ger 2 en 1 pour hommes avec devant en polyester recycl\u00e9 stretch et avec des zones perfor\u00e9es. Slip int\u00e9rieur en mesh l\u00e9ger pour un maintien optimal lors des longues courses.<\/p>\n<p>Mati\u00e8re : Corps : 90% polyamide recycl\u00e9, 10% \u00e9lasthanne. Doublure : 100% polyester<\/p>","protected":false},"excerpt":{"rendered":"<p>Leichte 2-in-1-Herrenlaufshorts mit Vorderseite aus Stretch-Recycling-Polyester und mit perforierten Bereichen. Leichter Mesh-Innenslip f\u00fcr einen optimalen Sitz bei langen L\u00e4ufen. Material: K\u00f6rper: 90% Recycling-Poylamid, 10% Elasthan. Futter : 100% Polyester<\/p>","protected":false},"featured_media":477993,"template":"","meta":[],"product_brand":[],"product_cat":[4198],"product_tag":[],"class_list":{"0":"post-477933","1":"product","2":"type-product","3":"status-publish","4":"has-post-thumbnail","6":"product_cat-shorts","7":"pa_brand-craft-retail-sportswear","8":"pa_brand-type-sportswear","9":"pa_filter-color-schwarz","11":"first","12":"instock","13":"sale","14":"taxable","15":"shipping-taxable","16":"purchasable","17":"product-type-variable","18":"add-to-wishlist-before_image"},"exclude_global_add_ons":[],"addons":[],"acf":[],"_links":{"self":[{"href":"https:\/\/shop.kustom.ch\/fr\/wp-json\/wp\/v2\/product\/477933"}],"collection":[{"href":"https:\/\/shop.kustom.ch\/fr\/wp-json\/wp\/v2\/product"}],"about":[{"href":"https:\/\/shop.kustom.ch\/fr\/wp-json\/wp\/v2\/types\/product"}],"wp:featuredmedia":[{"embeddable":true,"href":"https:\/\/shop.kustom.ch\/fr\/wp-json\/wp\/v2\/media\/477993"}],"wp:attachment":[{"href":"https:\/\/shop.kustom.ch\/fr\/wp-json\/wp\/v2\/media?parent=477933"}],"wp:term":[{"taxonomy":"product_brand","embeddable":true,"href":"https:\/\/shop.kustom.ch\/fr\/wp-json\/wp\/v2\/product_brand?post=477933"},{"taxonomy":"product_cat","embeddable":true,"href":"https:\/\/shop.kustom.ch\/fr\/wp-json\/wp\/v2\/product_cat?post=477933"},{"taxonomy":"product_tag","embeddable":true,"href":"https:\/\/shop.kustom.ch\/fr\/wp-json\/wp\/v2\/product_tag?post=477933"}],"curies":[{"name":"wp","href":"https:\/\/api.w.org\/{rel}","templated":true}]}}