{"id":477883,"date":"2024-11-25T08:50:58","date_gmt":"2024-11-25T07:50:58","guid":{"rendered":"https:\/\/shop.kustom.ch\/?post_type=product&#038;p=477883"},"modified":"2026-03-27T14:28:48","modified_gmt":"2026-03-27T13:28:48","slug":"core-offroad-xt-ss-jersey-m-2","status":"publish","type":"product","link":"https:\/\/shop.kustom.ch\/fr\/produit\/core-offroad-xt-ss-jersey-m-2\/","title":{"rendered":"CORE Offroad XT SS Jersey M"},"content":{"rendered":"<p>Maillot \u00e0 la coupe large pour tous ceux qui aiment le VTT et le gravel bike. En mati\u00e8re r\u00e9sistante, fonctionnelle et \u00e0 s\u00e9chage rapide.<\/p>\n<p>Mati\u00e8re : 100% polyester recycl\u00e9<\/p>","protected":false},"excerpt":{"rendered":"<p>Jersey mit weiter Passform f\u00fcr alle, die gerne Mountain- und Gravelbiken. Aus strapazierf\u00e4higem, funktionellem und schnell trocknendem Material. Material: 100% Reycling-Polyester<\/p>","protected":false},"featured_media":477941,"template":"","meta":[],"product_brand":[],"product_cat":[4201],"product_tag":[],"class_list":{"0":"post-477883","1":"product","2":"type-product","3":"status-publish","4":"has-post-thumbnail","6":"product_cat-t-shirts","7":"pa_brand-craft-retail-sportswear","8":"pa_brand-type-sportswear","10":"first","11":"instock","12":"sale","13":"taxable","14":"shipping-taxable","15":"purchasable","16":"product-type-variable","17":"add-to-wishlist-before_image"},"exclude_global_add_ons":[],"addons":[],"acf":[],"_links":{"self":[{"href":"https:\/\/shop.kustom.ch\/fr\/wp-json\/wp\/v2\/product\/477883"}],"collection":[{"href":"https:\/\/shop.kustom.ch\/fr\/wp-json\/wp\/v2\/product"}],"about":[{"href":"https:\/\/shop.kustom.ch\/fr\/wp-json\/wp\/v2\/types\/product"}],"wp:featuredmedia":[{"embeddable":true,"href":"https:\/\/shop.kustom.ch\/fr\/wp-json\/wp\/v2\/media\/477941"}],"wp:attachment":[{"href":"https:\/\/shop.kustom.ch\/fr\/wp-json\/wp\/v2\/media?parent=477883"}],"wp:term":[{"taxonomy":"product_brand","embeddable":true,"href":"https:\/\/shop.kustom.ch\/fr\/wp-json\/wp\/v2\/product_brand?post=477883"},{"taxonomy":"product_cat","embeddable":true,"href":"https:\/\/shop.kustom.ch\/fr\/wp-json\/wp\/v2\/product_cat?post=477883"},{"taxonomy":"product_tag","embeddable":true,"href":"https:\/\/shop.kustom.ch\/fr\/wp-json\/wp\/v2\/product_tag?post=477883"}],"curies":[{"name":"wp","href":"https:\/\/api.w.org\/{rel}","templated":true}]}}