{"id":477874,"date":"2024-11-25T08:50:50","date_gmt":"2024-11-25T07:50:50","guid":{"rendered":"https:\/\/shop.kustom.ch\/?post_type=product&#038;p=477874"},"modified":"2026-03-27T14:25:33","modified_gmt":"2026-03-27T13:25:33","slug":"adv-endur-jersey-m-2","status":"publish","type":"product","link":"https:\/\/shop.kustom.ch\/fr\/produit\/adv-endur-jersey-m-2\/","title":{"rendered":"ADV Endur Jersey M"},"content":{"rendered":"<p>Maillot pour cyclistes avanc\u00e9s en mat\u00e9riau stretch c\u00f4tel\u00e9 et doux avec un excellent transfert d'humidit\u00e9 lors de la pratique intensive du v\u00e9lo. Inserts en mesh avec zones climatiques sp\u00e9ciales pour une ventilation accrue, quatre poches \u00e0 l'arri\u00e8re et bande \u00e9lastique en silicone dans le dos.<\/p>\n<p>Mati\u00e8re : Face et dos : 100% polyester recycl\u00e9. Empi\u00e8cements lat\u00e9raux : 87% polyester recycl\u00e9, 13% \u00e9lasthanne<\/p>","protected":false},"excerpt":{"rendered":"<p>Jersey f\u00fcr Fortgeschrittene aus geripptem, weichem Stretchmaterial mit ausgezeichnetem Feuchtigkeitstransport bei intensivem Radfahren. Mesh-Eins\u00e4tze mit speziellen Klimazonen f\u00fcr erh\u00f6hte Ventilation, vier Taschen hinten und elastisches Silikonband im R\u00fccken. Material: Vorder- und R\u00fcckseite : 100% Recycling-Polyester. Seiteneins\u00e4tze : 87% Recycling-Polyester, 13% Elasthan<\/p>","protected":false},"featured_media":477877,"template":"","meta":[],"product_brand":[],"product_cat":[4201],"product_tag":[],"class_list":{"0":"post-477874","1":"product","2":"type-product","3":"status-publish","4":"has-post-thumbnail","6":"product_cat-t-shirts","7":"pa_brand-craft-retail-sportswear","8":"pa_brand-type-sportswear","10":"first","11":"instock","12":"sale","13":"taxable","14":"shipping-taxable","15":"purchasable","16":"product-type-variable","17":"add-to-wishlist-before_image"},"exclude_global_add_ons":[],"addons":[],"acf":[],"_links":{"self":[{"href":"https:\/\/shop.kustom.ch\/fr\/wp-json\/wp\/v2\/product\/477874"}],"collection":[{"href":"https:\/\/shop.kustom.ch\/fr\/wp-json\/wp\/v2\/product"}],"about":[{"href":"https:\/\/shop.kustom.ch\/fr\/wp-json\/wp\/v2\/types\/product"}],"wp:featuredmedia":[{"embeddable":true,"href":"https:\/\/shop.kustom.ch\/fr\/wp-json\/wp\/v2\/media\/477877"}],"wp:attachment":[{"href":"https:\/\/shop.kustom.ch\/fr\/wp-json\/wp\/v2\/media?parent=477874"}],"wp:term":[{"taxonomy":"product_brand","embeddable":true,"href":"https:\/\/shop.kustom.ch\/fr\/wp-json\/wp\/v2\/product_brand?post=477874"},{"taxonomy":"product_cat","embeddable":true,"href":"https:\/\/shop.kustom.ch\/fr\/wp-json\/wp\/v2\/product_cat?post=477874"},{"taxonomy":"product_tag","embeddable":true,"href":"https:\/\/shop.kustom.ch\/fr\/wp-json\/wp\/v2\/product_tag?post=477874"}],"curies":[{"name":"wp","href":"https:\/\/api.w.org\/{rel}","templated":true}]}}