{"id":477804,"date":"2024-11-25T08:49:14","date_gmt":"2024-11-25T07:49:14","guid":{"rendered":"https:\/\/shop.kustom.ch\/?post_type=product&#038;p=477804"},"modified":"2026-03-27T14:02:43","modified_gmt":"2026-03-27T13:02:43","slug":"adv-nordic-ski-drink-belt","status":"publish","type":"product","link":"https:\/\/shop.kustom.ch\/fr\/produit\/adv-nordic-ski-drink-belt\/","title":{"rendered":"Ceinture de boisson Adv Nordic Ski"},"content":{"rendered":"<p>Sacoche de ceinture avec r\u00e9servoir amovible de 0,9 litre et compartiment sup\u00e9rieur de 1 litre.<\/p>\n<p>- Poches int\u00e9gr\u00e9es \u00e0 l'int\u00e9rieur des compartiments de rangement pour les cl\u00e9s et le t\u00e9l\u00e9phone portable<br \/>\n-Couvercle \u00e0 visser<br \/>\n-Fixation par clip r\u00e9sistant \u00e0 l'avant<br \/>\n-Ceinture r\u00e9glable \u00e0 l'avant<\/p>\n<p>Mat\u00e9riau : Corps : 100% poylamide. Doublure : 100% polyester<\/p>","protected":false},"excerpt":{"rendered":"<p>G\u00fcrteltasche mit abnehmbarer 0,9-Liter-Trinkbeh\u00e4lter und 1-Liter-Fach oben. \u2022 Im Innern der Verstauf\u00e4cher integrierte Taschen f\u00fcr Schl\u00fcssel und Mobiltelefon \u2022Schraubdeckel \u2022Strapazierf\u00e4hige Clipbefestigung vorne \u2022Vorne verstellbarer G\u00fcrtel Material: K\u00f6rper: 100% Poylamid. Futter: 100% Polyester<\/p>","protected":false},"featured_media":477805,"template":"","meta":[],"product_brand":[],"product_cat":[4209],"product_tag":[],"class_list":{"0":"post-477804","1":"product","2":"type-product","3":"status-publish","4":"has-post-thumbnail","6":"product_cat-zubehoer","7":"pa_brand-craft-retail-sportswear","8":"pa_brand-type-sportswear","9":"pa_filter-color-schwarz","11":"first","12":"outofstock","13":"sale","14":"taxable","15":"shipping-taxable","16":"purchasable","17":"product-type-variable","18":"add-to-wishlist-before_image"},"exclude_global_add_ons":[],"addons":[],"acf":[],"_links":{"self":[{"href":"https:\/\/shop.kustom.ch\/fr\/wp-json\/wp\/v2\/product\/477804"}],"collection":[{"href":"https:\/\/shop.kustom.ch\/fr\/wp-json\/wp\/v2\/product"}],"about":[{"href":"https:\/\/shop.kustom.ch\/fr\/wp-json\/wp\/v2\/types\/product"}],"wp:featuredmedia":[{"embeddable":true,"href":"https:\/\/shop.kustom.ch\/fr\/wp-json\/wp\/v2\/media\/477805"}],"wp:attachment":[{"href":"https:\/\/shop.kustom.ch\/fr\/wp-json\/wp\/v2\/media?parent=477804"}],"wp:term":[{"taxonomy":"product_brand","embeddable":true,"href":"https:\/\/shop.kustom.ch\/fr\/wp-json\/wp\/v2\/product_brand?post=477804"},{"taxonomy":"product_cat","embeddable":true,"href":"https:\/\/shop.kustom.ch\/fr\/wp-json\/wp\/v2\/product_cat?post=477804"},{"taxonomy":"product_tag","embeddable":true,"href":"https:\/\/shop.kustom.ch\/fr\/wp-json\/wp\/v2\/product_tag?post=477804"}],"curies":[{"name":"wp","href":"https:\/\/api.w.org\/{rel}","templated":true}]}}