{"id":477725,"date":"2024-11-25T08:47:38","date_gmt":"2024-11-25T07:47:38","guid":{"rendered":"https:\/\/shop.kustom.ch\/?post_type=product&#038;p=477725"},"modified":"2026-03-27T14:58:13","modified_gmt":"2026-03-27T13:58:13","slug":"adv-explore-pile-fleece-vest-m","status":"publish","type":"product","link":"https:\/\/shop.kustom.ch\/fr\/produit\/adv-explore-pile-fleece-vest-m\/","title":{"rendered":"ADV Explore Pile Fleece Vest M"},"content":{"rendered":"<p>Gilet chaud et polyvalent en polaire \u00e0 poils longs avec d\u00e9tails contrast\u00e9s pour un usage quotidien. En polyester recycl\u00e9 avec poche de poitrine zipp\u00e9e et deux poches lat\u00e9rales zipp\u00e9es. Mat\u00e9riau uni appropri\u00e9 sur la poche de poitrine et le col pour le logo de l'entreprise.<\/p>\n<p>- poche de poitrine avec fermeture \u00e0 glissi\u00e8re<br \/>\n- Deux poches lat\u00e9rales avec fermeture \u00e9clair<br \/>\n- Mat\u00e9riau recycl\u00e9<\/p>\n<p>Mati\u00e8re : 100% polyester recycl\u00e9<\/p>","protected":false},"excerpt":{"rendered":"<p>Warme und vielseitige Weste aus hochflorigem Fleece mit kontrastierenden Details f\u00fcr den Alltagsgebrauch. Aus Recycling-Polyester mit Brusttasche mit Reissverschluss und zwei Seitentaschen mit Reissverschluss. Geeignetes, unifarbenes Material auf der Brusttasche und am Kragen f\u00fcr Firmenlogo. \u2022 Brusttasche mit Reissverschluss \u2022 Zwei Seitentaschen mit Reissverschluss \u2022 Recycling-Material Material: 100% Recycling-Polyester<\/p>","protected":false},"featured_media":477756,"template":"","meta":[],"product_brand":[],"product_cat":[4208],"product_tag":[],"class_list":{"0":"post-477725","1":"product","2":"type-product","3":"status-publish","4":"has-post-thumbnail","6":"product_cat-westen","7":"pa_brand-craft-retail-sportswear","8":"pa_brand-type-sportswear","9":"pa_filter-color-gruen","10":"pa_filter-color-schwarz","12":"first","13":"instock","14":"sale","15":"taxable","16":"shipping-taxable","17":"purchasable","18":"product-type-variable","19":"add-to-wishlist-before_image"},"exclude_global_add_ons":[],"addons":[],"acf":[],"_links":{"self":[{"href":"https:\/\/shop.kustom.ch\/fr\/wp-json\/wp\/v2\/product\/477725"}],"collection":[{"href":"https:\/\/shop.kustom.ch\/fr\/wp-json\/wp\/v2\/product"}],"about":[{"href":"https:\/\/shop.kustom.ch\/fr\/wp-json\/wp\/v2\/types\/product"}],"wp:featuredmedia":[{"embeddable":true,"href":"https:\/\/shop.kustom.ch\/fr\/wp-json\/wp\/v2\/media\/477756"}],"wp:attachment":[{"href":"https:\/\/shop.kustom.ch\/fr\/wp-json\/wp\/v2\/media?parent=477725"}],"wp:term":[{"taxonomy":"product_brand","embeddable":true,"href":"https:\/\/shop.kustom.ch\/fr\/wp-json\/wp\/v2\/product_brand?post=477725"},{"taxonomy":"product_cat","embeddable":true,"href":"https:\/\/shop.kustom.ch\/fr\/wp-json\/wp\/v2\/product_cat?post=477725"},{"taxonomy":"product_tag","embeddable":true,"href":"https:\/\/shop.kustom.ch\/fr\/wp-json\/wp\/v2\/product_tag?post=477725"}],"curies":[{"name":"wp","href":"https:\/\/api.w.org\/{rel}","templated":true}]}}