{"id":477526,"date":"2024-11-25T08:43:52","date_gmt":"2024-11-25T07:43:52","guid":{"rendered":"https:\/\/shop.kustom.ch\/?post_type=product&#038;p=477526"},"modified":"2026-03-27T14:17:58","modified_gmt":"2026-03-27T13:17:58","slug":"pro-explore-hiking-pant-w","status":"publish","type":"product","link":"https:\/\/shop.kustom.ch\/fr\/produit\/pro-explore-hiking-pant-w\/","title":{"rendered":"PRO Explore Hiking Pant W"},"content":{"rendered":"<p>Pantalon outdoor r\u00e9sistant en mati\u00e8re stretch 4 directions pour une libert\u00e9 de mouvement optimale et un grand confort. Renforc\u00e9 au niveau des genoux et des fesses. Poches ceinture et poches zipp\u00e9es \u00e0 l'avant et \u00e0 l'arri\u00e8re.<\/p>\n<p>- Inserts stretch robustes aux genoux et aux fesses<br \/>\n- Mat\u00e9riau stretch 4 directions<br \/>\n- Bas de jambes r\u00e9glables<br \/>\n- poche sur la jambe avec fermeture \u00e9clair<br \/>\n- Poche arri\u00e8re avec fermeture \u00e9clair<br \/>\n- Deux poches lat\u00e9rales<br \/>\n- empi\u00e8cements stretch \u00e0 la taille<\/p>\n<p>Mati\u00e8re : corps : 45% polyamide recycl\u00e9, 50% polyamide, 5% \u00e9lasthanne. Insert : 46% polyamide recycl\u00e9, 44% polyamide, 10% \u00e9lasthanne.<\/p>","protected":false},"excerpt":{"rendered":"<p>Strapazierf\u00e4hig Outdoor-Pants aus 4-Wege-Stretchmaterial f\u00fcr optimale Bewegungsfreiheit und hohen Komfort. Verst\u00e4rkte Knie- und Ges\u00e4sspartie. G\u00fcrtellaschen und Taschen mit Reissverschluss auf der Vorder- und R\u00fcckseite. \u2022 Robuste Stretch-Eins\u00e4tze an den Knien und am Ges\u00e4ss \u2022 4-Wege-Stretchmaterial \u2022 Verstellbare Beinenden \u2022 Beintasche mit Reissverschluss \u2022 Ges\u00e4sstasche mit Reissverschluss \u2022 Zwei Seitentaschen \u2022 Stretch-Eins\u00e4tze am Bund Material: K\u00f6rper: [&hellip;]<\/p>\n","protected":false},"featured_media":477555,"template":"","meta":[],"product_brand":[],"product_cat":[4185],"product_tag":[],"class_list":{"0":"post-477526","1":"product","2":"type-product","3":"status-publish","4":"has-post-thumbnail","6":"product_cat-hosen","7":"pa_brand-craft-retail-sportswear","8":"pa_brand-type-sportswear","9":"pa_filter-color-grau","10":"pa_filter-color-gruen","11":"pa_filter-color-schwarz","13":"first","14":"instock","15":"sale","16":"taxable","17":"shipping-taxable","18":"purchasable","19":"product-type-variable","20":"add-to-wishlist-before_image"},"exclude_global_add_ons":[],"addons":[],"acf":[],"_links":{"self":[{"href":"https:\/\/shop.kustom.ch\/fr\/wp-json\/wp\/v2\/product\/477526"}],"collection":[{"href":"https:\/\/shop.kustom.ch\/fr\/wp-json\/wp\/v2\/product"}],"about":[{"href":"https:\/\/shop.kustom.ch\/fr\/wp-json\/wp\/v2\/types\/product"}],"wp:featuredmedia":[{"embeddable":true,"href":"https:\/\/shop.kustom.ch\/fr\/wp-json\/wp\/v2\/media\/477555"}],"wp:attachment":[{"href":"https:\/\/shop.kustom.ch\/fr\/wp-json\/wp\/v2\/media?parent=477526"}],"wp:term":[{"taxonomy":"product_brand","embeddable":true,"href":"https:\/\/shop.kustom.ch\/fr\/wp-json\/wp\/v2\/product_brand?post=477526"},{"taxonomy":"product_cat","embeddable":true,"href":"https:\/\/shop.kustom.ch\/fr\/wp-json\/wp\/v2\/product_cat?post=477526"},{"taxonomy":"product_tag","embeddable":true,"href":"https:\/\/shop.kustom.ch\/fr\/wp-json\/wp\/v2\/product_tag?post=477526"}],"curies":[{"name":"wp","href":"https:\/\/api.w.org\/{rel}","templated":true}]}}