{"id":477477,"date":"2024-11-25T08:42:58","date_gmt":"2024-11-25T07:42:58","guid":{"rendered":"https:\/\/shop.kustom.ch\/?post_type=product&#038;p=477477"},"modified":"2026-03-27T13:13:43","modified_gmt":"2026-03-27T12:13:43","slug":"training-bra-padded-w","status":"publish","type":"product","link":"https:\/\/shop.kustom.ch\/fr\/produit\/training-bra-padded-w\/","title":{"rendered":"Soutien-gorge d'entra\u00eenement Padded W"},"content":{"rendered":"<p>Soutien-gorge de sport rembourr\u00e9 \u00e0 la coupe ajust\u00e9e pour un maintien et un confort exceptionnels lors d'entra\u00eenements d'intensit\u00e9 moyenne \u00e0 \u00e9lev\u00e9e.<\/p>\n<p>- Coupe ajust\u00e9e pour un entra\u00eenement d'intensit\u00e9 moyenne \u00e0 \u00e9lev\u00e9e<br \/>\n- Bretelles r\u00e9glables<br \/>\n- Mati\u00e8re \u00e9vacuant l'humidit\u00e9 pour un confort maximal<\/p>\n<p>Mati\u00e8re : polyester recycl\u00e9 77%, \u00e9lasthanne 23%<\/p>","protected":false},"excerpt":{"rendered":"<p>Gepolsterter Sport-BH mit enger Passform f\u00fcr hervorragenden Halt und Komfort bei mittelintensivem bis intensivem Training. \u2022 Enge Passform f\u00fcr mittelintensives bis intensives Training \u2022 Verstellbare Tr\u00e4ger \u2022 Feuchtigkeitstransportierendes Material f\u00fcr h\u00f6chsten Komfort Material: 77% Recycling-Polyester, 23% Elasthan<\/p>","protected":false},"featured_media":477481,"template":"","meta":[],"product_brand":[],"product_cat":[4206],"product_tag":[],"class_list":{"0":"post-477477","1":"product","2":"type-product","3":"status-publish","4":"has-post-thumbnail","6":"product_cat-underwear","7":"pa_brand-craft-retail-sportswear","8":"pa_brand-type-sportswear","9":"pa_filter-color-schwarz","11":"first","12":"instock","13":"sale","14":"taxable","15":"shipping-taxable","16":"purchasable","17":"product-type-variable","18":"add-to-wishlist-before_image"},"exclude_global_add_ons":[],"addons":[],"acf":[],"_links":{"self":[{"href":"https:\/\/shop.kustom.ch\/fr\/wp-json\/wp\/v2\/product\/477477"}],"collection":[{"href":"https:\/\/shop.kustom.ch\/fr\/wp-json\/wp\/v2\/product"}],"about":[{"href":"https:\/\/shop.kustom.ch\/fr\/wp-json\/wp\/v2\/types\/product"}],"wp:featuredmedia":[{"embeddable":true,"href":"https:\/\/shop.kustom.ch\/fr\/wp-json\/wp\/v2\/media\/477481"}],"wp:attachment":[{"href":"https:\/\/shop.kustom.ch\/fr\/wp-json\/wp\/v2\/media?parent=477477"}],"wp:term":[{"taxonomy":"product_brand","embeddable":true,"href":"https:\/\/shop.kustom.ch\/fr\/wp-json\/wp\/v2\/product_brand?post=477477"},{"taxonomy":"product_cat","embeddable":true,"href":"https:\/\/shop.kustom.ch\/fr\/wp-json\/wp\/v2\/product_cat?post=477477"},{"taxonomy":"product_tag","embeddable":true,"href":"https:\/\/shop.kustom.ch\/fr\/wp-json\/wp\/v2\/product_tag?post=477477"}],"curies":[{"name":"wp","href":"https:\/\/api.w.org\/{rel}","templated":true}]}}