{"id":476832,"date":"2024-11-25T08:28:50","date_gmt":"2024-11-25T07:28:50","guid":{"rendered":"https:\/\/shop.kustom.ch\/?post_type=product&#038;p=476832"},"modified":"2026-03-27T14:07:07","modified_gmt":"2026-03-27T13:07:07","slug":"adv-nordic-ski-club-tights-m","status":"publish","type":"product","link":"https:\/\/shop.kustom.ch\/fr\/produit\/adv-nordic-ski-club-tights-m\/","title":{"rendered":"Collant ADV Nordic Ski Club M"},"content":{"rendered":"<p>Collant XC d'entra\u00eenement et de course en jersey polyester avec un maximum de stretch et de thermor\u00e9gulation.<br \/>\n- Jersey en polyester recycl\u00e9 et \u00e9lasthanne<br \/>\n- Tissu en polyester et \u00e9lasthanne tr\u00e8s \u00e9lastique pour un ajustement parfait<br \/>\n- Design sublim\u00e9<br \/>\n- Poche pour barre\/gel \u00e0 l'arri\u00e8re du mollet pour plus d'\u00e9nergie pendant la course<br \/>\n- Cordon de serrage int\u00e9rieur plat \u00e0 la taille pour un ajustement parfait<br \/>\n- impression en silicone \u00e0 l'int\u00e9rieur de la taille pour maintenir le collant en place<\/p>\n<p>Mati\u00e8re : 92% polyester recycl\u00e9, 8% \u00e9lasthanne<\/p>","protected":false},"excerpt":{"rendered":"<p>Trainings- und Renn-XC Tights aus Polyester Jersey mit h\u00f6chsten Stretch und Thermoregulation. \u2022 Jersey aus recyceltem Polyester und Elasthan \u2022 Hochelastisches Polyester und Elasthan Gewebe f\u00fcr perfekte Passform \u2022 Sublimiertes Design \u2022 Stangen-\/Gel-Tasche hinten an der Wade f\u00fcr zus\u00e4tzliche Energie w\u00e4hrend des Rennens \u2022 Flache Innenkordel in der Taille f\u00fcr perfekten Sitz \u2022 Silikondruck an [&hellip;]<\/p>\n","protected":false},"featured_media":476865,"template":"","meta":[],"product_brand":[],"product_cat":[4190],"product_tag":[],"class_list":{"0":"post-476832","1":"product","2":"type-product","3":"status-publish","4":"has-post-thumbnail","6":"product_cat-leggings","7":"pa_brand-craft-retail-sportswear","8":"pa_brand-type-sportswear","9":"pa_filter-color-blau","10":"pa_filter-color-rot","11":"pa_filter-color-schwarz","13":"first","14":"instock","15":"sale","16":"taxable","17":"shipping-taxable","18":"purchasable","19":"product-type-variable","20":"add-to-wishlist-before_image"},"exclude_global_add_ons":[],"addons":[],"acf":[],"_links":{"self":[{"href":"https:\/\/shop.kustom.ch\/fr\/wp-json\/wp\/v2\/product\/476832"}],"collection":[{"href":"https:\/\/shop.kustom.ch\/fr\/wp-json\/wp\/v2\/product"}],"about":[{"href":"https:\/\/shop.kustom.ch\/fr\/wp-json\/wp\/v2\/types\/product"}],"wp:featuredmedia":[{"embeddable":true,"href":"https:\/\/shop.kustom.ch\/fr\/wp-json\/wp\/v2\/media\/476865"}],"wp:attachment":[{"href":"https:\/\/shop.kustom.ch\/fr\/wp-json\/wp\/v2\/media?parent=476832"}],"wp:term":[{"taxonomy":"product_brand","embeddable":true,"href":"https:\/\/shop.kustom.ch\/fr\/wp-json\/wp\/v2\/product_brand?post=476832"},{"taxonomy":"product_cat","embeddable":true,"href":"https:\/\/shop.kustom.ch\/fr\/wp-json\/wp\/v2\/product_cat?post=476832"},{"taxonomy":"product_tag","embeddable":true,"href":"https:\/\/shop.kustom.ch\/fr\/wp-json\/wp\/v2\/product_tag?post=476832"}],"curies":[{"name":"wp","href":"https:\/\/api.w.org\/{rel}","templated":true}]}}