{"id":476799,"date":"2024-11-25T08:28:11","date_gmt":"2024-11-25T07:28:11","guid":{"rendered":"https:\/\/shop.kustom.ch\/?post_type=product&#038;p=476799"},"modified":"2026-03-27T15:22:46","modified_gmt":"2026-03-27T14:22:46","slug":"adv-tone-ss-structure-tee-m","status":"publish","type":"product","link":"https:\/\/shop.kustom.ch\/fr\/produit\/adv-tone-ss-structure-tee-m\/","title":{"rendered":"ADV Tone SS Structure Tee M"},"content":{"rendered":"<p>T-shirt d'entra\u00eenement avanc\u00e9 avec \u00e9vacuation efficace de l'humidit\u00e9 pour les entra\u00eenements quotidiens intensifs. En jersey doux avec un motif jacquard tricot\u00e9. Coupe normale.<\/p>\n<p>- Coupe normale<br \/>\n- Polyester recycl\u00e9 doux et agr\u00e9able avec motif jacquard tricot\u00e9<\/p>\n<p>Mati\u00e8re : 100% polyester recycl\u00e9<\/p>","protected":false},"excerpt":{"rendered":"<p>Training-T-Shirt f\u00fcr Fortgeschrittene mit effizientem Feuchtigkeitstransport f\u00fcr das t\u00e4gliche, intensive Workout. Aus weichem Jersey mit gestrickter Jacquardmusterung. Normale Passform. \u2022 Normale Passform \u2022 Weicher, angenehmer Recycling-Polyester mit gestrickter Jacquardmusterung Material: 100% Recycling-Polyester<\/p>","protected":false},"featured_media":476800,"template":"","meta":[],"product_brand":[],"product_cat":[4201],"product_tag":[],"class_list":{"0":"post-476799","1":"product","2":"type-product","3":"status-publish","4":"has-post-thumbnail","6":"product_cat-t-shirts","7":"pa_brand-craft-retail-sportswear","8":"pa_brand-type-sportswear","10":"first","11":"instock","12":"sale","13":"taxable","14":"shipping-taxable","15":"purchasable","16":"product-type-variable","17":"add-to-wishlist-before_image"},"exclude_global_add_ons":[],"addons":[],"acf":[],"_links":{"self":[{"href":"https:\/\/shop.kustom.ch\/fr\/wp-json\/wp\/v2\/product\/476799"}],"collection":[{"href":"https:\/\/shop.kustom.ch\/fr\/wp-json\/wp\/v2\/product"}],"about":[{"href":"https:\/\/shop.kustom.ch\/fr\/wp-json\/wp\/v2\/types\/product"}],"wp:featuredmedia":[{"embeddable":true,"href":"https:\/\/shop.kustom.ch\/fr\/wp-json\/wp\/v2\/media\/476800"}],"wp:attachment":[{"href":"https:\/\/shop.kustom.ch\/fr\/wp-json\/wp\/v2\/media?parent=476799"}],"wp:term":[{"taxonomy":"product_brand","embeddable":true,"href":"https:\/\/shop.kustom.ch\/fr\/wp-json\/wp\/v2\/product_brand?post=476799"},{"taxonomy":"product_cat","embeddable":true,"href":"https:\/\/shop.kustom.ch\/fr\/wp-json\/wp\/v2\/product_cat?post=476799"},{"taxonomy":"product_tag","embeddable":true,"href":"https:\/\/shop.kustom.ch\/fr\/wp-json\/wp\/v2\/product_tag?post=476799"}],"curies":[{"name":"wp","href":"https:\/\/api.w.org\/{rel}","templated":true}]}}