{"id":476704,"date":"2024-11-25T08:24:26","date_gmt":"2024-11-25T07:24:26","guid":{"rendered":"https:\/\/shop.kustom.ch\/?post_type=product&#038;p=476704"},"modified":"2026-03-27T14:55:10","modified_gmt":"2026-03-27T13:55:10","slug":"adv-tone-sports-bra-w","status":"publish","type":"product","link":"https:\/\/shop.kustom.ch\/fr\/produit\/adv-tone-sports-bra-w\/","title":{"rendered":"ADV Tone Sports Bra W"},"content":{"rendered":"<p>D\u00e9bardeur de sport avec un l\u00e9ger soutien, adapt\u00e9 \u00e0 la plupart des activit\u00e9s sportives. En jersey polyester et \u00e9lasthanne doux et fonctionnel. Bande \u00e9lastique \u00e0 la taille, bretelles crois\u00e9es et doublure opaque sur le devant.<\/p>\n<p>Mat\u00e9riau : Corps : 78% polyester, 22% \u00e9lasthanne. Doublure 88% polyester recycl\u00e9, 12% \u00e9lasthanne<\/p>","protected":false},"excerpt":{"rendered":"<p>Sporttop mit leichter Unterst\u00fctzung, das f\u00fcr die meisten sportlichen Aktivit\u00e4ten geeignet ist. Aus weichem, funktionellem Polyester- und Elasthan-Jersey. Elastisches Band am Bund, gekreuzte Tr\u00e4ger und blickdichtes Futter vorne. Material: K\u00f6rper: 78% Polyester, 22% Elasthan. Futter 88% Recycling-Polyester, 12% Elasthan<\/p>","protected":false},"featured_media":476706,"template":"","meta":[],"product_brand":[],"product_cat":[4206],"product_tag":[],"class_list":{"0":"post-476704","1":"product","2":"type-product","3":"status-publish","4":"has-post-thumbnail","6":"product_cat-underwear","7":"pa_brand-craft-retail-sportswear","8":"pa_brand-type-sportswear","10":"first","11":"instock","12":"sale","13":"taxable","14":"shipping-taxable","15":"purchasable","16":"product-type-variable","17":"add-to-wishlist-before_image"},"exclude_global_add_ons":[],"addons":[],"acf":[],"_links":{"self":[{"href":"https:\/\/shop.kustom.ch\/fr\/wp-json\/wp\/v2\/product\/476704"}],"collection":[{"href":"https:\/\/shop.kustom.ch\/fr\/wp-json\/wp\/v2\/product"}],"about":[{"href":"https:\/\/shop.kustom.ch\/fr\/wp-json\/wp\/v2\/types\/product"}],"wp:featuredmedia":[{"embeddable":true,"href":"https:\/\/shop.kustom.ch\/fr\/wp-json\/wp\/v2\/media\/476706"}],"wp:attachment":[{"href":"https:\/\/shop.kustom.ch\/fr\/wp-json\/wp\/v2\/media?parent=476704"}],"wp:term":[{"taxonomy":"product_brand","embeddable":true,"href":"https:\/\/shop.kustom.ch\/fr\/wp-json\/wp\/v2\/product_brand?post=476704"},{"taxonomy":"product_cat","embeddable":true,"href":"https:\/\/shop.kustom.ch\/fr\/wp-json\/wp\/v2\/product_cat?post=476704"},{"taxonomy":"product_tag","embeddable":true,"href":"https:\/\/shop.kustom.ch\/fr\/wp-json\/wp\/v2\/product_tag?post=476704"}],"curies":[{"name":"wp","href":"https:\/\/api.w.org\/{rel}","templated":true}]}}