{"id":476217,"date":"2024-11-25T08:01:24","date_gmt":"2024-11-25T07:01:24","guid":{"rendered":"https:\/\/shop.kustom.ch\/?post_type=product&#038;p=476217"},"modified":"2026-03-27T15:05:59","modified_gmt":"2026-03-27T14:05:59","slug":"mountain-pants-w","status":"publish","type":"product","link":"https:\/\/shop.kustom.ch\/fr\/produit\/mountain-pants-w\/","title":{"rendered":"Pantalon de montagne W"},"content":{"rendered":"<p>Pantalon l\u00e9ger et matelass\u00e9 avec taille r\u00e9glable et renforts aux bas des jambes. Le Mountain Pants est dot\u00e9 d'un tissu ext\u00e9rieur imperm\u00e9able au vent et \u00e0 l'eau afin d'offrir une protection, une chaleur et un confort optimaux. La taille peut \u00eatre ajust\u00e9e \u00e0 l'aide de bandes velcro. Le pantalon dispose de passants pour ceinture, de deux poches et d'une jupe pare-neige avec garniture en caoutchouc au bas des jambes.<\/p>\n<p>- Deux poches lat\u00e9rales et braguette zipp\u00e9e<br \/>\n- Ceinture r\u00e9glable avec velcro<br \/>\n- Poches de ceinture \u00e0 la taille<br \/>\n- jupe pare-neige avec rev\u00eatement en caoutchouc<br \/>\n- 8000 WP\/8000 MVP<\/p>\n<p>Mat\u00e9riau : polyester 100%<\/p>","protected":false},"excerpt":{"rendered":"<p>Leichte, wattierte Hose mit verstellbarer Taille und Verst\u00e4rkung an den Beinabschl\u00fcssen. Die Mountain Pants ist mit wind- und wasserdichtem Aussenmaterial ausgestattet, um optimalen Schutz, W\u00e4rme und Komfort zu bieten. Der Bund kann \u00fcber Klettverschluss angepasst werden. Die Hose verf\u00fcgt \u00fcber G\u00fcrtelschlaufen, zwei Taschen und Schneefang mit Gummibesatz am Beinabschluss. \u2022 Zwei Seitentasche und Hosenschlitz mit [&hellip;]<\/p>\n","protected":false},"featured_media":476218,"template":"","meta":[],"product_brand":[],"product_cat":[4185],"product_tag":[],"class_list":{"0":"post-476217","1":"product","2":"type-product","3":"status-publish","4":"has-post-thumbnail","6":"product_cat-hosen","7":"pa_brand-craft-retail-sportswear","8":"pa_brand-type-sportswear","9":"pa_filter-color-schwarz","11":"first","12":"instock","13":"sale","14":"taxable","15":"shipping-taxable","16":"purchasable","17":"product-type-variable","18":"add-to-wishlist-before_image"},"exclude_global_add_ons":[],"addons":[],"acf":[],"_links":{"self":[{"href":"https:\/\/shop.kustom.ch\/fr\/wp-json\/wp\/v2\/product\/476217"}],"collection":[{"href":"https:\/\/shop.kustom.ch\/fr\/wp-json\/wp\/v2\/product"}],"about":[{"href":"https:\/\/shop.kustom.ch\/fr\/wp-json\/wp\/v2\/types\/product"}],"wp:featuredmedia":[{"embeddable":true,"href":"https:\/\/shop.kustom.ch\/fr\/wp-json\/wp\/v2\/media\/476218"}],"wp:attachment":[{"href":"https:\/\/shop.kustom.ch\/fr\/wp-json\/wp\/v2\/media?parent=476217"}],"wp:term":[{"taxonomy":"product_brand","embeddable":true,"href":"https:\/\/shop.kustom.ch\/fr\/wp-json\/wp\/v2\/product_brand?post=476217"},{"taxonomy":"product_cat","embeddable":true,"href":"https:\/\/shop.kustom.ch\/fr\/wp-json\/wp\/v2\/product_cat?post=476217"},{"taxonomy":"product_tag","embeddable":true,"href":"https:\/\/shop.kustom.ch\/fr\/wp-json\/wp\/v2\/product_tag?post=476217"}],"curies":[{"name":"wp","href":"https:\/\/api.w.org\/{rel}","templated":true}]}}