{"id":476178,"date":"2024-11-25T07:59:54","date_gmt":"2024-11-25T06:59:54","guid":{"rendered":"https:\/\/shop.kustom.ch\/?post_type=product&#038;p=476178"},"modified":"2026-03-27T14:34:09","modified_gmt":"2026-03-27T13:34:09","slug":"transparent-waterbottle","status":"publish","type":"product","link":"https:\/\/shop.kustom.ch\/fr\/produit\/transparent-waterbottle\/","title":{"rendered":"Bouteille d'eau transparente"},"content":{"rendered":"<p>Gourde transparente avec poign\u00e9e en silicone et fermeture \u00e0 clapet.<\/p>\n<p>- rev\u00eatement en caoutchouc pour une prise en main s\u00fbre pendant l'entra\u00eenement<br \/>\n- Couvercle flip-top<br \/>\n- conception du tuyau pour boire facilement pendant l'entra\u00eenement<br \/>\n- crochet en haut pour porter et fixer<\/p>\n<p>Mat\u00e9riau : polyamide 100%<\/p>","protected":false},"excerpt":{"rendered":"<p>Transparente Trinkflasche mit Silikongriff und Klappverschluss. \u2022 Gummibeschichtung f\u00fcr sicheren Griff beim Training \u2022 Flip-Top-Deckel \u2022 Schlauchkonstruktion f\u00fcr einfaches Trinken w\u00e4hrend des Trainings \u2022 Haken oben zum Tragen und Befestigen Material: 100% Polyamid<\/p>","protected":false},"featured_media":476179,"template":"","meta":[],"product_brand":[],"product_cat":[4207,4209],"product_tag":[],"class_list":{"0":"post-476178","1":"product","2":"type-product","3":"status-publish","4":"has-post-thumbnail","6":"product_cat-wasserflaschen","7":"product_cat-zubehoer","8":"pa_brand-craft-retail-sportswear","9":"pa_brand-type-sportswear","10":"pa_filter-color-schwarz","12":"first","13":"instock","14":"sale","15":"taxable","16":"shipping-taxable","17":"purchasable","18":"product-type-variable","19":"add-to-wishlist-before_image"},"exclude_global_add_ons":[],"addons":[],"acf":[],"_links":{"self":[{"href":"https:\/\/shop.kustom.ch\/fr\/wp-json\/wp\/v2\/product\/476178"}],"collection":[{"href":"https:\/\/shop.kustom.ch\/fr\/wp-json\/wp\/v2\/product"}],"about":[{"href":"https:\/\/shop.kustom.ch\/fr\/wp-json\/wp\/v2\/types\/product"}],"wp:featuredmedia":[{"embeddable":true,"href":"https:\/\/shop.kustom.ch\/fr\/wp-json\/wp\/v2\/media\/476179"}],"wp:attachment":[{"href":"https:\/\/shop.kustom.ch\/fr\/wp-json\/wp\/v2\/media?parent=476178"}],"wp:term":[{"taxonomy":"product_brand","embeddable":true,"href":"https:\/\/shop.kustom.ch\/fr\/wp-json\/wp\/v2\/product_brand?post=476178"},{"taxonomy":"product_cat","embeddable":true,"href":"https:\/\/shop.kustom.ch\/fr\/wp-json\/wp\/v2\/product_cat?post=476178"},{"taxonomy":"product_tag","embeddable":true,"href":"https:\/\/shop.kustom.ch\/fr\/wp-json\/wp\/v2\/product_tag?post=476178"}],"curies":[{"name":"wp","href":"https:\/\/api.w.org\/{rel}","templated":true}]}}