{"id":475099,"date":"2024-10-17T12:54:31","date_gmt":"2024-10-17T11:54:31","guid":{"rendered":"https:\/\/shop.kustom.ch\/?post_type=product&#038;p=475099"},"modified":"2024-10-18T15:19:24","modified_gmt":"2024-10-18T14:19:24","slug":"six-wings-rucksack-4","status":"publish","type":"product","link":"https:\/\/shop.kustom.ch\/fr\/produit\/six-wings-rucksack-4\/","title":{"rendered":"Sac \u00e0 dos Six Wings"},"content":{"rendered":"<p>Parfait pour tous les sports : le compartiment principal spacieux ainsi que le compartiment inf\u00e9rieur s\u00e9par\u00e9 offrent suffisamment de place pour ton \u00e9quipement n\u00e9cessaire.<br \/>\nUne nouvelle \u00e9dition : Le successeur du sac \u00e0 dos CLUB 5 a la m\u00eame structure et les m\u00eames mat\u00e9riaux ainsi qu'un design l\u00e9g\u00e8rement modifi\u00e9 avec un imprim\u00e9 SIX WINGS moderne.<br \/>\nCompartiment principal spacieux avec double fermeture \u00e0 glissi\u00e8re<br \/>\nPoches lat\u00e9rales en mesh<br \/>\nCordon \u00e9lastique r\u00e9glable individuellement \u00e0 l'avant<br \/>\nBretelles rembourr\u00e9es<br \/>\nPoche \u00e0 balles amovible en mesh<br \/>\nCompartiment au sol pour ranger les chaussures s\u00e9par\u00e9ment<\/p>","protected":false},"excerpt":{"rendered":"<p>couleur : gris ardoise\/noir<\/p>","protected":false},"featured_media":475097,"template":"","meta":[],"product_brand":[],"product_cat":[9717],"product_tag":[],"class_list":{"0":"post-475099","1":"product","2":"type-product","3":"status-publish","4":"has-post-thumbnail","6":"product_cat-vbc-wittenbach","8":"first","9":"instock","10":"taxable","11":"shipping-taxable","12":"purchasable","13":"product-type-variable","14":"add-to-wishlist-before_image"},"exclude_global_add_ons":false,"addons":[{"name":"Finition","type":"multiple_choice","position":0,"required":true,"title_format":"label","default":"","description_enable":false,"description":"","placeholder_enable":false,"placeholder":"","display":"select","restrictions_type":"any_text","adjust_price":false,"price":"","price_type":"flat_fee","restrictions":false,"min":"0","max":"0","options":[{"label":"Ohne Logo","price":"","price_type":"flat_fee","image":0,"visibility":true},{"label":"Mit VBC Wittenbach Logo","price":"5.20","price_type":"flat_fee","image":0,"visibility":true}],"id":1729264612}],"acf":[],"_links":{"self":[{"href":"https:\/\/shop.kustom.ch\/fr\/wp-json\/wp\/v2\/product\/475099"}],"collection":[{"href":"https:\/\/shop.kustom.ch\/fr\/wp-json\/wp\/v2\/product"}],"about":[{"href":"https:\/\/shop.kustom.ch\/fr\/wp-json\/wp\/v2\/types\/product"}],"wp:featuredmedia":[{"embeddable":true,"href":"https:\/\/shop.kustom.ch\/fr\/wp-json\/wp\/v2\/media\/475097"}],"wp:attachment":[{"href":"https:\/\/shop.kustom.ch\/fr\/wp-json\/wp\/v2\/media?parent=475099"}],"wp:term":[{"taxonomy":"product_brand","embeddable":true,"href":"https:\/\/shop.kustom.ch\/fr\/wp-json\/wp\/v2\/product_brand?post=475099"},{"taxonomy":"product_cat","embeddable":true,"href":"https:\/\/shop.kustom.ch\/fr\/wp-json\/wp\/v2\/product_cat?post=475099"},{"taxonomy":"product_tag","embeddable":true,"href":"https:\/\/shop.kustom.ch\/fr\/wp-json\/wp\/v2\/product_tag?post=475099"}],"curies":[{"name":"wp","href":"https:\/\/api.w.org\/{rel}","templated":true}]}}