{"id":474696,"date":"2024-09-25T15:11:52","date_gmt":"2024-09-25T14:11:52","guid":{"rendered":"https:\/\/shop.kustom.ch\/?post_type=product&#038;p=474696"},"modified":"2025-10-22T14:08:56","modified_gmt":"2025-10-22T13:08:56","slug":"fch-stadionjacke","status":"publish","type":"product","link":"https:\/\/shop.kustom.ch\/fr\/produit\/fch-stadionjacke\/","title":{"rendered":"Veste de stade FCH"},"content":{"rendered":"<p>Que ce soit au stade ou sur le chemin de l'entra\u00eenement, tu es toujours bien \u00e9quip\u00e9 avec cette veste de stade. Gr\u00e2ce \u00e0 l'isolation thermique et au rembourrage l\u00e9ger, tu restes agr\u00e9ablement au chaud m\u00eame lorsqu'il fait froid. Le tissu ext\u00e9rieur coupe-vent et d\u00e9perlant avec laminage Stop-Water te prot\u00e8ge efficacement de la pluie et du vent. La capuche r\u00e9glable assure une protection suppl\u00e9mentaire, tandis que les poches lat\u00e9rales \u00e0 fermeture \u00e9clair offrent un espace de rangement pratique pour tes essentiels. Que tu sois dans les tribunes, au bord du terrain ou en d\u00e9placement, cette veste de stade allie confort, fonctionnalit\u00e9 et design moderne.<br \/>\nMat\u00e9riau : 100 % polyester<br \/>\nManches et doublure : 100 % polyester<br \/>\n3000 mm PU<br \/>\nRembourrage : 100 % polyester<\/p>","protected":false},"excerpt":{"rendered":"<p>noir<\/p>","protected":false},"featured_media":671725,"template":"","meta":[],"product_brand":[],"product_cat":[6430],"product_tag":[],"class_list":{"0":"post-474696","1":"product","2":"type-product","3":"status-publish","4":"has-post-thumbnail","6":"product_cat-fc-heiden","8":"first","9":"instock","10":"taxable","11":"shipping-taxable","12":"purchasable","13":"product-type-variable","14":"add-to-wishlist-before_image"},"exclude_global_add_ons":[],"addons":[],"acf":[],"_links":{"self":[{"href":"https:\/\/shop.kustom.ch\/fr\/wp-json\/wp\/v2\/product\/474696"}],"collection":[{"href":"https:\/\/shop.kustom.ch\/fr\/wp-json\/wp\/v2\/product"}],"about":[{"href":"https:\/\/shop.kustom.ch\/fr\/wp-json\/wp\/v2\/types\/product"}],"wp:featuredmedia":[{"embeddable":true,"href":"https:\/\/shop.kustom.ch\/fr\/wp-json\/wp\/v2\/media\/671725"}],"wp:attachment":[{"href":"https:\/\/shop.kustom.ch\/fr\/wp-json\/wp\/v2\/media?parent=474696"}],"wp:term":[{"taxonomy":"product_brand","embeddable":true,"href":"https:\/\/shop.kustom.ch\/fr\/wp-json\/wp\/v2\/product_brand?post=474696"},{"taxonomy":"product_cat","embeddable":true,"href":"https:\/\/shop.kustom.ch\/fr\/wp-json\/wp\/v2\/product_cat?post=474696"},{"taxonomy":"product_tag","embeddable":true,"href":"https:\/\/shop.kustom.ch\/fr\/wp-json\/wp\/v2\/product_tag?post=474696"}],"curies":[{"name":"wp","href":"https:\/\/api.w.org\/{rel}","templated":true}]}}