{"id":474534,"date":"2024-09-20T16:44:53","date_gmt":"2024-09-20T15:44:53","guid":{"rendered":"https:\/\/shop.kustom.ch\/?post_type=product&#038;p=474534"},"modified":"2024-10-23T07:40:06","modified_gmt":"2024-10-23T06:40:06","slug":"to-babybody","status":"publish","type":"product","link":"https:\/\/shop.kustom.ch\/fr\/produit\/to-babybody\/","title":{"rendered":"Body pour b\u00e9b\u00e9 OTG"},"content":{"rendered":"<p>Mati\u00e8re : 80% coton 20% polyester, 280g\/m\u00b2.<\/p>","protected":false},"excerpt":{"rendered":"<p>couleur : noir, blanc<\/p>","protected":false},"featured_media":473058,"template":"","meta":[],"product_brand":[],"product_cat":[9703],"product_tag":[],"class_list":{"0":"post-474534","1":"product","2":"type-product","3":"status-publish","4":"has-post-thumbnail","6":"product_cat-fc-neukirch-egnach","8":"first","9":"instock","10":"taxable","11":"shipping-taxable","12":"purchasable","13":"product-type-variable","14":"add-to-wishlist-before_image"},"exclude_global_add_ons":[],"addons":[],"acf":[],"_links":{"self":[{"href":"https:\/\/shop.kustom.ch\/fr\/wp-json\/wp\/v2\/product\/474534"}],"collection":[{"href":"https:\/\/shop.kustom.ch\/fr\/wp-json\/wp\/v2\/product"}],"about":[{"href":"https:\/\/shop.kustom.ch\/fr\/wp-json\/wp\/v2\/types\/product"}],"wp:featuredmedia":[{"embeddable":true,"href":"https:\/\/shop.kustom.ch\/fr\/wp-json\/wp\/v2\/media\/473058"}],"wp:attachment":[{"href":"https:\/\/shop.kustom.ch\/fr\/wp-json\/wp\/v2\/media?parent=474534"}],"wp:term":[{"taxonomy":"product_brand","embeddable":true,"href":"https:\/\/shop.kustom.ch\/fr\/wp-json\/wp\/v2\/product_brand?post=474534"},{"taxonomy":"product_cat","embeddable":true,"href":"https:\/\/shop.kustom.ch\/fr\/wp-json\/wp\/v2\/product_cat?post=474534"},{"taxonomy":"product_tag","embeddable":true,"href":"https:\/\/shop.kustom.ch\/fr\/wp-json\/wp\/v2\/product_tag?post=474534"}],"curies":[{"name":"wp","href":"https:\/\/api.w.org\/{rel}","templated":true}]}}