{"id":472662,"date":"2024-09-18T21:10:17","date_gmt":"2024-09-18T20:10:17","guid":{"rendered":"https:\/\/shop.kustom.ch\/?post_type=product&#038;p=472662"},"modified":"2025-05-19T08:16:39","modified_gmt":"2025-05-19T07:16:39","slug":"lcb-change-by-erima-shorts-damen","status":"publish","type":"product","link":"https:\/\/shop.kustom.ch\/fr\/produit\/lcb-change-by-erima-shorts-damen\/","title":{"rendered":"LCB Change by erima Short Femmes"},"content":{"rendered":"<p>Ce short l\u00e9ger convainc par sa mati\u00e8re fonctionnelle et son grand confort - que ce soit \u00e0 l'entra\u00eenement ou pendant les loisirs.<br \/>\nMat\u00e9riau fonctionnel l\u00e9ger et \u00e9lastique pour une sensation de fra\u00eecheur<br \/>\nInserts lat\u00e9raux en stretch pour une plus grande libert\u00e9 de mouvement<br \/>\nLarge ceinture avec cordon de serrage pour un ajustement confortable<\/p>","protected":false},"excerpt":{"rendered":"<p>couleur : noir<\/p>","protected":false},"featured_media":472660,"template":"","meta":[],"product_brand":[],"product_cat":[6435],"product_tag":[],"class_list":{"0":"post-472662","1":"product","2":"type-product","3":"status-publish","4":"has-post-thumbnail","6":"product_cat-lc-bruehl","8":"first","9":"instock","10":"taxable","11":"shipping-taxable","12":"purchasable","13":"product-type-variable","14":"add-to-wishlist-before_image"},"exclude_global_add_ons":[],"addons":[],"acf":[],"_links":{"self":[{"href":"https:\/\/shop.kustom.ch\/fr\/wp-json\/wp\/v2\/product\/472662"}],"collection":[{"href":"https:\/\/shop.kustom.ch\/fr\/wp-json\/wp\/v2\/product"}],"about":[{"href":"https:\/\/shop.kustom.ch\/fr\/wp-json\/wp\/v2\/types\/product"}],"wp:featuredmedia":[{"embeddable":true,"href":"https:\/\/shop.kustom.ch\/fr\/wp-json\/wp\/v2\/media\/472660"}],"wp:attachment":[{"href":"https:\/\/shop.kustom.ch\/fr\/wp-json\/wp\/v2\/media?parent=472662"}],"wp:term":[{"taxonomy":"product_brand","embeddable":true,"href":"https:\/\/shop.kustom.ch\/fr\/wp-json\/wp\/v2\/product_brand?post=472662"},{"taxonomy":"product_cat","embeddable":true,"href":"https:\/\/shop.kustom.ch\/fr\/wp-json\/wp\/v2\/product_cat?post=472662"},{"taxonomy":"product_tag","embeddable":true,"href":"https:\/\/shop.kustom.ch\/fr\/wp-json\/wp\/v2\/product_tag?post=472662"}],"curies":[{"name":"wp","href":"https:\/\/api.w.org\/{rel}","templated":true}]}}