{"id":470720,"date":"2024-06-03T09:35:33","date_gmt":"2024-06-03T08:35:33","guid":{"rendered":"https:\/\/shop.kustom.ch\/?post_type=product&#038;p=470720"},"modified":"2024-10-31T15:01:40","modified_gmt":"2024-10-31T14:01:40","slug":"lcb-evo-star-t-shirt-herren-2","status":"publish","type":"product","link":"https:\/\/shop.kustom.ch\/fr\/produit\/lcb-evo-star-t-shirt-herren-2\/","title":{"rendered":"LCB Evo Star T-Shirt Hommes"},"content":{"rendered":"<p>T-shirt l\u00e9ger et fonctionnel pour le sport et le quotidien.<br \/>\nMat\u00e9riau fonctionnel l\u00e9ger<br \/>\nCoupe raglan et empi\u00e8cements \u00e9lastiques pour une totale libert\u00e9 de mouvement<br \/>\nEncolure ronde \u00e0 c\u00f4tes<br \/>\nDesign styl\u00e9 sur les manches avec effet 3D<br \/>\nPiping de couleur contrast\u00e9e sur les manches<\/p>","protected":false},"excerpt":{"rendered":"<p>Couleur : \u00e9meraude\/pine grove<\/p>","protected":false},"featured_media":470734,"template":"","meta":[],"product_brand":[],"product_cat":[6435],"product_tag":[],"class_list":{"0":"post-470720","1":"product","2":"type-product","3":"status-publish","4":"has-post-thumbnail","6":"product_cat-lc-bruehl","8":"first","9":"instock","10":"taxable","11":"shipping-taxable","12":"purchasable","13":"product-type-variable","14":"add-to-wishlist-before_image"},"exclude_global_add_ons":[],"addons":[],"acf":[],"_links":{"self":[{"href":"https:\/\/shop.kustom.ch\/fr\/wp-json\/wp\/v2\/product\/470720"}],"collection":[{"href":"https:\/\/shop.kustom.ch\/fr\/wp-json\/wp\/v2\/product"}],"about":[{"href":"https:\/\/shop.kustom.ch\/fr\/wp-json\/wp\/v2\/types\/product"}],"wp:featuredmedia":[{"embeddable":true,"href":"https:\/\/shop.kustom.ch\/fr\/wp-json\/wp\/v2\/media\/470734"}],"wp:attachment":[{"href":"https:\/\/shop.kustom.ch\/fr\/wp-json\/wp\/v2\/media?parent=470720"}],"wp:term":[{"taxonomy":"product_brand","embeddable":true,"href":"https:\/\/shop.kustom.ch\/fr\/wp-json\/wp\/v2\/product_brand?post=470720"},{"taxonomy":"product_cat","embeddable":true,"href":"https:\/\/shop.kustom.ch\/fr\/wp-json\/wp\/v2\/product_cat?post=470720"},{"taxonomy":"product_tag","embeddable":true,"href":"https:\/\/shop.kustom.ch\/fr\/wp-json\/wp\/v2\/product_tag?post=470720"}],"curies":[{"name":"wp","href":"https:\/\/api.w.org\/{rel}","templated":true}]}}