{"id":470517,"date":"2024-05-24T12:30:42","date_gmt":"2024-05-24T11:30:42","guid":{"rendered":"https:\/\/shop.kustom.ch\/?post_type=product&#038;p=470517"},"modified":"2026-01-27T15:38:00","modified_gmt":"2026-01-27T14:38:00","slug":"lcb-vranjes-ball","status":"publish","type":"product","link":"https:\/\/shop.kustom.ch\/fr\/produit\/lcb-vranjes-ball\/","title":{"rendered":"Bal LCB Vranjes"},"content":{"rendered":"<p>En collaboration avec l'entra\u00eeneur de handball de l'ann\u00e9e 2014 Ljubomir Vranjes, nous avons continu\u00e9 \u00e0 d\u00e9velopper le ballon de handball Vranjes. Il est livr\u00e9 avec un tout nouveau mat\u00e9riau pour une adh\u00e9rence encore meilleure et dans un nouveau design.<br \/>\nBallon de jeu et d'entra\u00eenement parfait pour les professionnels et les d\u00e9butants<br \/>\nUne adh\u00e9rence fantastique et un toucher doux<br \/>\nChaque taille est sp\u00e9cialement adapt\u00e9e aux besoins des handballeurs<br \/>\nConvient parfaitement \u00e0 une utilisation avec ou sans r\u00e9sine<br \/>\nVessie en latex naturel sans couture<\/p>","protected":false},"excerpt":{"rendered":"<p>couleur : green<\/p>","protected":false},"featured_media":470570,"template":"","meta":[],"product_brand":[],"product_cat":[6435],"product_tag":[],"class_list":{"0":"post-470517","1":"product","2":"type-product","3":"status-publish","4":"has-post-thumbnail","6":"product_cat-lc-bruehl","8":"first","9":"instock","10":"taxable","11":"shipping-taxable","12":"purchasable","13":"product-type-variable","14":"add-to-wishlist-before_image"},"exclude_global_add_ons":[],"addons":[],"acf":[],"_links":{"self":[{"href":"https:\/\/shop.kustom.ch\/fr\/wp-json\/wp\/v2\/product\/470517"}],"collection":[{"href":"https:\/\/shop.kustom.ch\/fr\/wp-json\/wp\/v2\/product"}],"about":[{"href":"https:\/\/shop.kustom.ch\/fr\/wp-json\/wp\/v2\/types\/product"}],"wp:featuredmedia":[{"embeddable":true,"href":"https:\/\/shop.kustom.ch\/fr\/wp-json\/wp\/v2\/media\/470570"}],"wp:attachment":[{"href":"https:\/\/shop.kustom.ch\/fr\/wp-json\/wp\/v2\/media?parent=470517"}],"wp:term":[{"taxonomy":"product_brand","embeddable":true,"href":"https:\/\/shop.kustom.ch\/fr\/wp-json\/wp\/v2\/product_brand?post=470517"},{"taxonomy":"product_cat","embeddable":true,"href":"https:\/\/shop.kustom.ch\/fr\/wp-json\/wp\/v2\/product_cat?post=470517"},{"taxonomy":"product_tag","embeddable":true,"href":"https:\/\/shop.kustom.ch\/fr\/wp-json\/wp\/v2\/product_tag?post=470517"}],"curies":[{"name":"wp","href":"https:\/\/api.w.org\/{rel}","templated":true}]}}