{"id":470503,"date":"2024-05-24T12:29:39","date_gmt":"2024-05-24T11:29:39","guid":{"rendered":"https:\/\/shop.kustom.ch\/?post_type=product&#038;p=470503"},"modified":"2024-09-09T18:55:58","modified_gmt":"2024-09-09T17:55:58","slug":"lcb-racing-lauftight-lang-damen","status":"publish","type":"product","link":"https:\/\/shop.kustom.ch\/fr\/produit\/lcb-racing-lauftight-lang-damen\/","title":{"rendered":"LCB Racing Collant de course long femme"},"content":{"rendered":"<p>Le collant long te soutient de mani\u00e8re optimale gr\u00e2ce \u00e0 sa mati\u00e8re fonctionnelle et ses extras pratiques.<br \/>\n    Mat\u00e9riau fonctionnel r\u00e9gulant l'humidit\u00e9<br \/>\n    Coutures plates pour un confort optimal<br \/>\n    Large ceinture avec un \u00e9lastique \u00e9troit int\u00e9gr\u00e9 pour un maintien optimal<br \/>\n    Insert en mesh dans le creux des genoux<br \/>\n    fermeture \u00e9clair au bas de la jambe<br \/>\n    Double poche \u00e0 l'arri\u00e8re de la ceinture<br \/>\n    Poches plaqu\u00e9es sur les c\u00f4t\u00e9s<br \/>\n    \u00c9l\u00e9ments r\u00e9fl\u00e9chissants sous le genou, sur la cuisse et sur la fermeture \u00e9clair<br \/>\n    Coupe sp\u00e9ciale femme<\/p>","protected":false},"excerpt":{"rendered":"<p>couleur : noir<\/p>","protected":false},"featured_media":470403,"template":"","meta":[],"product_brand":[],"product_cat":[6435],"product_tag":[],"class_list":{"0":"post-470503","1":"product","2":"type-product","3":"status-publish","4":"has-post-thumbnail","6":"product_cat-lc-bruehl","8":"first","9":"instock","10":"taxable","11":"shipping-taxable","12":"purchasable","13":"product-type-variable","14":"add-to-wishlist-before_image"},"exclude_global_add_ons":[],"addons":[],"acf":[],"_links":{"self":[{"href":"https:\/\/shop.kustom.ch\/fr\/wp-json\/wp\/v2\/product\/470503"}],"collection":[{"href":"https:\/\/shop.kustom.ch\/fr\/wp-json\/wp\/v2\/product"}],"about":[{"href":"https:\/\/shop.kustom.ch\/fr\/wp-json\/wp\/v2\/types\/product"}],"wp:featuredmedia":[{"embeddable":true,"href":"https:\/\/shop.kustom.ch\/fr\/wp-json\/wp\/v2\/media\/470403"}],"wp:attachment":[{"href":"https:\/\/shop.kustom.ch\/fr\/wp-json\/wp\/v2\/media?parent=470503"}],"wp:term":[{"taxonomy":"product_brand","embeddable":true,"href":"https:\/\/shop.kustom.ch\/fr\/wp-json\/wp\/v2\/product_brand?post=470503"},{"taxonomy":"product_cat","embeddable":true,"href":"https:\/\/shop.kustom.ch\/fr\/wp-json\/wp\/v2\/product_cat?post=470503"},{"taxonomy":"product_tag","embeddable":true,"href":"https:\/\/shop.kustom.ch\/fr\/wp-json\/wp\/v2\/product_tag?post=470503"}],"curies":[{"name":"wp","href":"https:\/\/api.w.org\/{rel}","templated":true}]}}