{"id":470495,"date":"2024-05-24T12:29:08","date_gmt":"2024-05-24T11:29:08","guid":{"rendered":"https:\/\/shop.kustom.ch\/?post_type=product&#038;p=470495"},"modified":"2024-09-09T18:56:14","modified_gmt":"2024-09-09T17:56:14","slug":"lcb-essential-sweathose-herren","status":"publish","type":"product","link":"https:\/\/shop.kustom.ch\/fr\/produit\/lcb-essential-sweathose-herren\/","title":{"rendered":"Pantalon de sweat LCB Essential Hommes"},"content":{"rendered":"<p>Le bon pantalon de jogging pour tous les jours.<br \/>\n    Agr\u00e9able et doux \u00e0 porter gr\u00e2ce \u00e0 sa teneur \u00e9lev\u00e9e en coton<br \/>\n    Taille \u00e9lastique avec cordon de serrage<br \/>\n    Poignets flexibles au bas des jambes<br \/>\n    Poches zipp\u00e9es et logo en couleur contrast\u00e9e<br \/>\n    Coupe tendance et fusel\u00e9e<\/p>","protected":false},"excerpt":{"rendered":"<p>couleur : noir<\/p>","protected":false},"featured_media":470398,"template":"","meta":[],"product_brand":[],"product_cat":[6435],"product_tag":[],"class_list":{"0":"post-470495","1":"product","2":"type-product","3":"status-publish","4":"has-post-thumbnail","6":"product_cat-lc-bruehl","8":"first","9":"instock","10":"taxable","11":"shipping-taxable","12":"purchasable","13":"product-type-variable","14":"add-to-wishlist-before_image"},"exclude_global_add_ons":[],"addons":[],"acf":[],"_links":{"self":[{"href":"https:\/\/shop.kustom.ch\/fr\/wp-json\/wp\/v2\/product\/470495"}],"collection":[{"href":"https:\/\/shop.kustom.ch\/fr\/wp-json\/wp\/v2\/product"}],"about":[{"href":"https:\/\/shop.kustom.ch\/fr\/wp-json\/wp\/v2\/types\/product"}],"wp:featuredmedia":[{"embeddable":true,"href":"https:\/\/shop.kustom.ch\/fr\/wp-json\/wp\/v2\/media\/470398"}],"wp:attachment":[{"href":"https:\/\/shop.kustom.ch\/fr\/wp-json\/wp\/v2\/media?parent=470495"}],"wp:term":[{"taxonomy":"product_brand","embeddable":true,"href":"https:\/\/shop.kustom.ch\/fr\/wp-json\/wp\/v2\/product_brand?post=470495"},{"taxonomy":"product_cat","embeddable":true,"href":"https:\/\/shop.kustom.ch\/fr\/wp-json\/wp\/v2\/product_cat?post=470495"},{"taxonomy":"product_tag","embeddable":true,"href":"https:\/\/shop.kustom.ch\/fr\/wp-json\/wp\/v2\/product_tag?post=470495"}],"curies":[{"name":"wp","href":"https:\/\/api.w.org\/{rel}","templated":true}]}}