{"id":470441,"date":"2024-05-24T12:25:37","date_gmt":"2024-05-24T11:25:37","guid":{"rendered":"https:\/\/shop.kustom.ch\/?post_type=product&#038;p=470441"},"modified":"2024-09-09T18:58:17","modified_gmt":"2024-09-09T17:58:17","slug":"lcb-essential-team-kapuzensweat-kinder","status":"publish","type":"product","link":"https:\/\/shop.kustom.ch\/fr\/produit\/lcb-essential-team-kapuzensweat-kinder\/","title":{"rendered":"Sweat \u00e0 capuche LCB Essential Team Enfants"},"content":{"rendered":"<p>Que ce soit pour le sport ou pour le quotidien, chaque \u00e9quipe fait bonne figure dans ce sweat \u00e0 capuche l\u00e9ger.<br \/>\nM\u00e9lange de coton doux<br \/>\nStretch l\u00e9ger pour une libert\u00e9 de mouvement naturelle<br \/>\nPoche kangourou plaqu\u00e9e<br \/>\nCapuche avec cordon de serrage<br \/>\nLarges bords-c\u00f4tes aux manches et \u00e0 l'ourlet<br \/>\nVariante pour enfants sans cordon de serrage \u00e0 la capuche<br \/>\nImpression ERIMA sur le c\u00f4t\u00e9<\/p>","protected":false},"excerpt":{"rendered":"<p>couleur : noir<\/p>","protected":false},"featured_media":470423,"template":"","meta":[],"product_brand":[],"product_cat":[6435],"product_tag":[],"class_list":{"0":"post-470441","1":"product","2":"type-product","3":"status-publish","4":"has-post-thumbnail","6":"product_cat-lc-bruehl","8":"first","9":"instock","10":"taxable","11":"shipping-taxable","12":"purchasable","13":"product-type-variable","14":"add-to-wishlist-before_image"},"exclude_global_add_ons":[],"addons":[],"acf":[],"_links":{"self":[{"href":"https:\/\/shop.kustom.ch\/fr\/wp-json\/wp\/v2\/product\/470441"}],"collection":[{"href":"https:\/\/shop.kustom.ch\/fr\/wp-json\/wp\/v2\/product"}],"about":[{"href":"https:\/\/shop.kustom.ch\/fr\/wp-json\/wp\/v2\/types\/product"}],"wp:featuredmedia":[{"embeddable":true,"href":"https:\/\/shop.kustom.ch\/fr\/wp-json\/wp\/v2\/media\/470423"}],"wp:attachment":[{"href":"https:\/\/shop.kustom.ch\/fr\/wp-json\/wp\/v2\/media?parent=470441"}],"wp:term":[{"taxonomy":"product_brand","embeddable":true,"href":"https:\/\/shop.kustom.ch\/fr\/wp-json\/wp\/v2\/product_brand?post=470441"},{"taxonomy":"product_cat","embeddable":true,"href":"https:\/\/shop.kustom.ch\/fr\/wp-json\/wp\/v2\/product_cat?post=470441"},{"taxonomy":"product_tag","embeddable":true,"href":"https:\/\/shop.kustom.ch\/fr\/wp-json\/wp\/v2\/product_tag?post=470441"}],"curies":[{"name":"wp","href":"https:\/\/api.w.org\/{rel}","templated":true}]}}