{"id":470430,"date":"2024-05-24T12:25:03","date_gmt":"2024-05-24T11:25:03","guid":{"rendered":"https:\/\/shop.kustom.ch\/?post_type=product&#038;p=470430"},"modified":"2024-09-09T18:58:55","modified_gmt":"2024-09-09T17:58:55","slug":"lcb-steppjacke-function-herren","status":"publish","type":"product","link":"https:\/\/shop.kustom.ch\/fr\/produit\/lcb-steppjacke-function-herren\/","title":{"rendered":"Veste matelass\u00e9e LCB Function Hommes"},"content":{"rendered":"<p>Sweat-shirt fonctionnel pour le sport et le quotidien.<br \/>\n    Mat\u00e9riau fonctionnel r\u00e9sistant<br \/>\n    Coupe raglan et empi\u00e8cements \u00e9lastiques pour une totale libert\u00e9 de mouvement<br \/>\n    Encolure ronde \u00e0 c\u00f4tes<br \/>\n    Larges bords-c\u00f4tes aux manches et \u00e0 l'ourlet<br \/>\n    Design styl\u00e9 sur les manches avec effet 3D<br \/>\n    Piping de couleur contrast\u00e9e sur les manches<\/p>","protected":false},"excerpt":{"rendered":"<p>couleur : noir<\/p>","protected":false},"featured_media":470415,"template":"","meta":[],"product_brand":[],"product_cat":[6435],"product_tag":[],"class_list":{"0":"post-470430","1":"product","2":"type-product","3":"status-publish","4":"has-post-thumbnail","6":"product_cat-lc-bruehl","8":"first","9":"instock","10":"taxable","11":"shipping-taxable","12":"purchasable","13":"product-type-variable","14":"add-to-wishlist-before_image"},"exclude_global_add_ons":[],"addons":[],"acf":[],"_links":{"self":[{"href":"https:\/\/shop.kustom.ch\/fr\/wp-json\/wp\/v2\/product\/470430"}],"collection":[{"href":"https:\/\/shop.kustom.ch\/fr\/wp-json\/wp\/v2\/product"}],"about":[{"href":"https:\/\/shop.kustom.ch\/fr\/wp-json\/wp\/v2\/types\/product"}],"wp:featuredmedia":[{"embeddable":true,"href":"https:\/\/shop.kustom.ch\/fr\/wp-json\/wp\/v2\/media\/470415"}],"wp:attachment":[{"href":"https:\/\/shop.kustom.ch\/fr\/wp-json\/wp\/v2\/media?parent=470430"}],"wp:term":[{"taxonomy":"product_brand","embeddable":true,"href":"https:\/\/shop.kustom.ch\/fr\/wp-json\/wp\/v2\/product_brand?post=470430"},{"taxonomy":"product_cat","embeddable":true,"href":"https:\/\/shop.kustom.ch\/fr\/wp-json\/wp\/v2\/product_cat?post=470430"},{"taxonomy":"product_tag","embeddable":true,"href":"https:\/\/shop.kustom.ch\/fr\/wp-json\/wp\/v2\/product_tag?post=470430"}],"curies":[{"name":"wp","href":"https:\/\/api.w.org\/{rel}","templated":true}]}}