{"id":468640,"date":"2024-04-26T13:20:55","date_gmt":"2024-04-26T12:20:55","guid":{"rendered":"https:\/\/kustomshop.kinsta.cloud\/?post_type=product&#038;p=468640"},"modified":"2024-04-26T13:28:05","modified_gmt":"2024-04-26T12:28:05","slug":"six-wings-sporttasche-5","status":"publish","type":"product","link":"https:\/\/shop.kustom.ch\/fr\/produit\/six-wings-sporttasche-5\/","title":{"rendered":"Sac de sport Six Wings"},"content":{"rendered":"<p>Avec le sac de sport pratique SIX WINGS, tu es pr\u00eat pour ton prochain entra\u00eenement ou ton prochain match. Gr\u00e2ce \u00e0 sa construction optimale, le sac offre un espace de rangement maximal pour tout ton \u00e9quipement. Pour que tu puisses le porter confortablement, il est \u00e9quip\u00e9 d'une bandouli\u00e8re r\u00e9glable et de poign\u00e9es. Celles-ci sont sp\u00e9cialement fix\u00e9es pour une plus grande durabilit\u00e9. Pour que tu puisses ranger s\u00e9par\u00e9ment les v\u00eatements que tu portes ou ta serviette mouill\u00e9e, le sac de sport dispose \u00e9galement de poches lat\u00e9rales pratiques avec compartiment humide int\u00e9gr\u00e9 et a\u00e9ration.<\/p>","protected":false},"excerpt":{"rendered":"<p>Couleur : curacao\/noir<\/p>","protected":false},"featured_media":468269,"template":"","meta":[],"product_brand":[],"product_cat":[9647],"product_tag":[],"class_list":{"0":"post-468640","1":"product","2":"type-product","3":"status-publish","4":"has-post-thumbnail","6":"product_cat-llt-oberwallis","8":"first","9":"instock","10":"taxable","11":"shipping-taxable","12":"purchasable","13":"product-type-variable","14":"add-to-wishlist-before_image"},"exclude_global_add_ons":[],"addons":[],"acf":[],"_links":{"self":[{"href":"https:\/\/shop.kustom.ch\/fr\/wp-json\/wp\/v2\/product\/468640"}],"collection":[{"href":"https:\/\/shop.kustom.ch\/fr\/wp-json\/wp\/v2\/product"}],"about":[{"href":"https:\/\/shop.kustom.ch\/fr\/wp-json\/wp\/v2\/types\/product"}],"wp:featuredmedia":[{"embeddable":true,"href":"https:\/\/shop.kustom.ch\/fr\/wp-json\/wp\/v2\/media\/468269"}],"wp:attachment":[{"href":"https:\/\/shop.kustom.ch\/fr\/wp-json\/wp\/v2\/media?parent=468640"}],"wp:term":[{"taxonomy":"product_brand","embeddable":true,"href":"https:\/\/shop.kustom.ch\/fr\/wp-json\/wp\/v2\/product_brand?post=468640"},{"taxonomy":"product_cat","embeddable":true,"href":"https:\/\/shop.kustom.ch\/fr\/wp-json\/wp\/v2\/product_cat?post=468640"},{"taxonomy":"product_tag","embeddable":true,"href":"https:\/\/shop.kustom.ch\/fr\/wp-json\/wp\/v2\/product_tag?post=468640"}],"curies":[{"name":"wp","href":"https:\/\/api.w.org\/{rel}","templated":true}]}}