{"id":468624,"date":"2024-04-26T13:20:30","date_gmt":"2024-04-26T12:20:30","guid":{"rendered":"https:\/\/kustomshop.kinsta.cloud\/?post_type=product&#038;p=468624"},"modified":"2024-04-26T13:21:59","modified_gmt":"2024-04-26T12:21:59","slug":"racing-leichtathletik-hotpants-damen","status":"publish","type":"product","link":"https:\/\/shop.kustom.ch\/fr\/produit\/racing-leichtathletik-hotpants-damen\/","title":{"rendered":"Hotpants Racing Athl\u00e9tisme Femmes"},"content":{"rendered":"<p>Le hotpant est un must-have pour l'entra\u00eenement et la comp\u00e9tition par temps chaud ! Il est fabriqu\u00e9 dans une mati\u00e8re \u00e0 s\u00e9chage rapide qui \u00e9vacue l'humidit\u00e9 de la peau. Ainsi, tu restes agr\u00e9ablement au sec m\u00eame pendant les s\u00e9ances de sport qui font transpirer. Gr\u00e2ce \u00e0 sa haute teneur en stretch, le hotpant est super \u00e9lastique et accompagne chacun de tes mouvements. Une libert\u00e9 de mouvement totale t'est garantie.<br \/>\nPour que rien ne glisse, le pantalon est dot\u00e9 d'une large ceinture avec cordon de serrage int\u00e9gr\u00e9 pour une tenue individuelle et s\u00fbre. Gr\u00e2ce aux coutures plates, les frottements restent minimes, m\u00eame en cas de mouvement intense.<\/p>","protected":false},"excerpt":{"rendered":"<p>couleur : noir<\/p>","protected":false},"featured_media":468266,"template":"","meta":[],"product_brand":[],"product_cat":[9647],"product_tag":[],"class_list":{"0":"post-468624","1":"product","2":"type-product","3":"status-publish","4":"has-post-thumbnail","6":"product_cat-llt-oberwallis","8":"first","9":"instock","10":"taxable","11":"shipping-taxable","12":"purchasable","13":"product-type-variable","14":"add-to-wishlist-before_image"},"exclude_global_add_ons":[],"addons":[],"acf":[],"_links":{"self":[{"href":"https:\/\/shop.kustom.ch\/fr\/wp-json\/wp\/v2\/product\/468624"}],"collection":[{"href":"https:\/\/shop.kustom.ch\/fr\/wp-json\/wp\/v2\/product"}],"about":[{"href":"https:\/\/shop.kustom.ch\/fr\/wp-json\/wp\/v2\/types\/product"}],"wp:featuredmedia":[{"embeddable":true,"href":"https:\/\/shop.kustom.ch\/fr\/wp-json\/wp\/v2\/media\/468266"}],"wp:attachment":[{"href":"https:\/\/shop.kustom.ch\/fr\/wp-json\/wp\/v2\/media?parent=468624"}],"wp:term":[{"taxonomy":"product_brand","embeddable":true,"href":"https:\/\/shop.kustom.ch\/fr\/wp-json\/wp\/v2\/product_brand?post=468624"},{"taxonomy":"product_cat","embeddable":true,"href":"https:\/\/shop.kustom.ch\/fr\/wp-json\/wp\/v2\/product_cat?post=468624"},{"taxonomy":"product_tag","embeddable":true,"href":"https:\/\/shop.kustom.ch\/fr\/wp-json\/wp\/v2\/product_tag?post=468624"}],"curies":[{"name":"wp","href":"https:\/\/api.w.org\/{rel}","templated":true}]}}