{"id":468607,"date":"2024-04-26T13:20:03","date_gmt":"2024-04-26T12:20:03","guid":{"rendered":"https:\/\/kustomshop.kinsta.cloud\/?post_type=product&#038;p=468607"},"modified":"2024-04-26T13:21:39","modified_gmt":"2024-04-26T12:21:39","slug":"racing-leichtathletik-tight-kurz-kinder","status":"publish","type":"product","link":"https:\/\/shop.kustom.ch\/fr\/produit\/racing-leichtathletik-tight-kurz-kinder\/","title":{"rendered":"Cuissard court d'athl\u00e9tisme Racing enfants"},"content":{"rendered":"<p>Ce collant fonctionnel et sobre te soutient au mieux dans toutes les disciplines. Il est fabriqu\u00e9 dans une mati\u00e8re douce qui \u00e9vacue l'humidit\u00e9 de la peau. Cela te garantit une sensation de confort. De plus, le mat\u00e9riau est tr\u00e8s extensible gr\u00e2ce \u00e0 un pourcentage \u00e9lev\u00e9 de stretch, ce qui te permet de profiter d'une totale libert\u00e9 de mouvement.<br \/>\nLa coupe ajust\u00e9e et la large taille avec cordon de serrage int\u00e9gr\u00e9 assurent un maintien parfait. Pour que les frottements restent minimes, m\u00eame en cas de mouvement intense, le collant est dot\u00e9 de coutures plates.<\/p>","protected":false},"excerpt":{"rendered":"<p>couleur : noir<\/p>","protected":false},"featured_media":468262,"template":"","meta":[],"product_brand":[],"product_cat":[9647],"product_tag":[],"class_list":{"0":"post-468607","1":"product","2":"type-product","3":"status-publish","4":"has-post-thumbnail","6":"product_cat-llt-oberwallis","8":"first","9":"instock","10":"taxable","11":"shipping-taxable","12":"purchasable","13":"product-type-variable","14":"add-to-wishlist-before_image"},"exclude_global_add_ons":[],"addons":[],"acf":[],"_links":{"self":[{"href":"https:\/\/shop.kustom.ch\/fr\/wp-json\/wp\/v2\/product\/468607"}],"collection":[{"href":"https:\/\/shop.kustom.ch\/fr\/wp-json\/wp\/v2\/product"}],"about":[{"href":"https:\/\/shop.kustom.ch\/fr\/wp-json\/wp\/v2\/types\/product"}],"wp:featuredmedia":[{"embeddable":true,"href":"https:\/\/shop.kustom.ch\/fr\/wp-json\/wp\/v2\/media\/468262"}],"wp:attachment":[{"href":"https:\/\/shop.kustom.ch\/fr\/wp-json\/wp\/v2\/media?parent=468607"}],"wp:term":[{"taxonomy":"product_brand","embeddable":true,"href":"https:\/\/shop.kustom.ch\/fr\/wp-json\/wp\/v2\/product_brand?post=468607"},{"taxonomy":"product_cat","embeddable":true,"href":"https:\/\/shop.kustom.ch\/fr\/wp-json\/wp\/v2\/product_cat?post=468607"},{"taxonomy":"product_tag","embeddable":true,"href":"https:\/\/shop.kustom.ch\/fr\/wp-json\/wp\/v2\/product_tag?post=468607"}],"curies":[{"name":"wp","href":"https:\/\/api.w.org\/{rel}","templated":true}]}}