{"id":468574,"date":"2024-04-26T13:19:13","date_gmt":"2024-04-26T12:19:13","guid":{"rendered":"https:\/\/kustomshop.kinsta.cloud\/?post_type=product&#038;p=468574"},"modified":"2024-05-02T08:18:54","modified_gmt":"2024-05-02T07:18:54","slug":"racing-bra-damen","status":"publish","type":"product","link":"https:\/\/shop.kustom.ch\/fr\/produit\/racing-bra-damen\/","title":{"rendered":"Racing Bra Femmes"},"content":{"rendered":"<p>Avec le RACING Bra, tu es assur\u00e9e d'un grand confort dans toutes les situations. Il est fabriqu\u00e9 dans une mati\u00e8re agr\u00e9ablement douce qui \u00e9vacue l'humidit\u00e9 de la peau et assure ainsi un confort sec. En m\u00eame temps, le mat\u00e9riau est tr\u00e8s extensible gr\u00e2ce \u00e0 sa forte teneur en stretch, ce qui te permet de profiter d'une totale libert\u00e9 de mouvement. La bande \u00e9lastique sous la poitrine et la coupe ergonomique avec dos nageur assurent un maintien optimal.<\/p>","protected":false},"excerpt":{"rendered":"<p>couleur : noir<\/p>","protected":false},"featured_media":469588,"template":"","meta":[],"product_brand":[],"product_cat":[9647],"product_tag":[],"class_list":{"0":"post-468574","1":"product","2":"type-product","3":"status-publish","4":"has-post-thumbnail","6":"product_cat-llt-oberwallis","8":"first","9":"instock","10":"taxable","11":"shipping-taxable","12":"purchasable","13":"product-type-variable","14":"add-to-wishlist-before_image"},"exclude_global_add_ons":[],"addons":[],"acf":[],"_links":{"self":[{"href":"https:\/\/shop.kustom.ch\/fr\/wp-json\/wp\/v2\/product\/468574"}],"collection":[{"href":"https:\/\/shop.kustom.ch\/fr\/wp-json\/wp\/v2\/product"}],"about":[{"href":"https:\/\/shop.kustom.ch\/fr\/wp-json\/wp\/v2\/types\/product"}],"wp:featuredmedia":[{"embeddable":true,"href":"https:\/\/shop.kustom.ch\/fr\/wp-json\/wp\/v2\/media\/469588"}],"wp:attachment":[{"href":"https:\/\/shop.kustom.ch\/fr\/wp-json\/wp\/v2\/media?parent=468574"}],"wp:term":[{"taxonomy":"product_brand","embeddable":true,"href":"https:\/\/shop.kustom.ch\/fr\/wp-json\/wp\/v2\/product_brand?post=468574"},{"taxonomy":"product_cat","embeddable":true,"href":"https:\/\/shop.kustom.ch\/fr\/wp-json\/wp\/v2\/product_cat?post=468574"},{"taxonomy":"product_tag","embeddable":true,"href":"https:\/\/shop.kustom.ch\/fr\/wp-json\/wp\/v2\/product_tag?post=468574"}],"curies":[{"name":"wp","href":"https:\/\/api.w.org\/{rel}","templated":true}]}}