{"id":468573,"date":"2024-04-26T13:19:12","date_gmt":"2024-04-26T12:19:12","guid":{"rendered":"https:\/\/kustomshop.kinsta.cloud\/?post_type=product&#038;p=468573"},"modified":"2024-04-26T13:20:52","modified_gmt":"2024-04-26T12:20:52","slug":"racing-singlet-damen","status":"publish","type":"product","link":"https:\/\/shop.kustom.ch\/fr\/produit\/racing-singlet-damen\/","title":{"rendered":"D\u00e9bardeur Racing femmes"},"content":{"rendered":"<p>Le tissu fonctionnel super l\u00e9ger et \u00e0 s\u00e9chage rapide \u00e9vacue l'humidit\u00e9 de la peau, de sorte que tu peux profiter d'une sensation agr\u00e9ablement s\u00e8che m\u00eame lors des entra\u00eenements par temps chaud. Le singlet est en outre \u00e9quip\u00e9 de coutures plates qui limitent les frottements, m\u00eame en cas de mouvement intense. Cela te garantit un grand confort de port. La coupe cintr\u00e9e assure un ajustement optimal pour que tu fasses bonne figure dans toutes les situations. Pour que tu sois plus visible \u00e0 la tomb\u00e9e de la nuit, le singlet est dot\u00e9 d'un \u00e9l\u00e9ment r\u00e9fl\u00e9chissant \u00e0 l'arri\u00e8re, pour plus de s\u00e9curit\u00e9.<\/p>","protected":false},"excerpt":{"rendered":"<p>couleur : noir<\/p>","protected":false},"featured_media":468263,"template":"","meta":[],"product_brand":[],"product_cat":[9647],"product_tag":[],"class_list":{"0":"post-468573","1":"product","2":"type-product","3":"status-publish","4":"has-post-thumbnail","6":"product_cat-llt-oberwallis","8":"first","9":"instock","10":"taxable","11":"shipping-taxable","12":"purchasable","13":"product-type-variable","14":"add-to-wishlist-before_image"},"exclude_global_add_ons":[],"addons":[],"acf":[],"_links":{"self":[{"href":"https:\/\/shop.kustom.ch\/fr\/wp-json\/wp\/v2\/product\/468573"}],"collection":[{"href":"https:\/\/shop.kustom.ch\/fr\/wp-json\/wp\/v2\/product"}],"about":[{"href":"https:\/\/shop.kustom.ch\/fr\/wp-json\/wp\/v2\/types\/product"}],"wp:featuredmedia":[{"embeddable":true,"href":"https:\/\/shop.kustom.ch\/fr\/wp-json\/wp\/v2\/media\/468263"}],"wp:attachment":[{"href":"https:\/\/shop.kustom.ch\/fr\/wp-json\/wp\/v2\/media?parent=468573"}],"wp:term":[{"taxonomy":"product_brand","embeddable":true,"href":"https:\/\/shop.kustom.ch\/fr\/wp-json\/wp\/v2\/product_brand?post=468573"},{"taxonomy":"product_cat","embeddable":true,"href":"https:\/\/shop.kustom.ch\/fr\/wp-json\/wp\/v2\/product_cat?post=468573"},{"taxonomy":"product_tag","embeddable":true,"href":"https:\/\/shop.kustom.ch\/fr\/wp-json\/wp\/v2\/product_tag?post=468573"}],"curies":[{"name":"wp","href":"https:\/\/api.w.org\/{rel}","templated":true}]}}