{"id":468538,"date":"2024-04-26T13:18:20","date_gmt":"2024-04-26T12:18:20","guid":{"rendered":"https:\/\/kustomshop.kinsta.cloud\/?post_type=product&#038;p=468538"},"modified":"2024-04-26T13:19:34","modified_gmt":"2024-04-26T12:19:34","slug":"change-by-erima-trainingsjacke-herren","status":"publish","type":"product","link":"https:\/\/shop.kustom.ch\/fr\/produit\/change-by-erima-trainingsjacke-herren\/","title":{"rendered":"Veste d'entra\u00eenement CHANGE by erima Hommes"},"content":{"rendered":"<p>Lorsque les temp\u00e9ratures baissent, la veste de surv\u00eatement CHANGE by erima est un must-have sur le chemin de l'entra\u00eenement ou lors de l'\u00e9chauffement. Elle est \u00e9quip\u00e9e d'un col haut et d'une capuche qui te tiennent au chaud. La mati\u00e8re fonctionnelle est particuli\u00e8rement r\u00e9sistante et supporte donc chaque s\u00e9ance d'entra\u00eenement. Les extras pratiques sont les bordures c\u00f4tel\u00e9es aux manches et \u00e0 l'ourlet pour un excellent ajustement ainsi que les poches lat\u00e9rales \u00e0 fermeture \u00e9clair pour tes objets de valeur. Le slogan ERIMA dans le dos est un d\u00e9tail discret.<\/p>","protected":false},"excerpt":{"rendered":"<p>Couleur : curacao\/mykonos\/blanc<\/p>","protected":false},"featured_media":468287,"template":"","meta":[],"product_brand":[],"product_cat":[9647],"product_tag":[],"class_list":{"0":"post-468538","1":"product","2":"type-product","3":"status-publish","4":"has-post-thumbnail","6":"product_cat-llt-oberwallis","8":"first","9":"instock","10":"taxable","11":"shipping-taxable","12":"purchasable","13":"product-type-variable","14":"add-to-wishlist-before_image"},"exclude_global_add_ons":[],"addons":[],"acf":[],"_links":{"self":[{"href":"https:\/\/shop.kustom.ch\/fr\/wp-json\/wp\/v2\/product\/468538"}],"collection":[{"href":"https:\/\/shop.kustom.ch\/fr\/wp-json\/wp\/v2\/product"}],"about":[{"href":"https:\/\/shop.kustom.ch\/fr\/wp-json\/wp\/v2\/types\/product"}],"wp:featuredmedia":[{"embeddable":true,"href":"https:\/\/shop.kustom.ch\/fr\/wp-json\/wp\/v2\/media\/468287"}],"wp:attachment":[{"href":"https:\/\/shop.kustom.ch\/fr\/wp-json\/wp\/v2\/media?parent=468538"}],"wp:term":[{"taxonomy":"product_brand","embeddable":true,"href":"https:\/\/shop.kustom.ch\/fr\/wp-json\/wp\/v2\/product_brand?post=468538"},{"taxonomy":"product_cat","embeddable":true,"href":"https:\/\/shop.kustom.ch\/fr\/wp-json\/wp\/v2\/product_cat?post=468538"},{"taxonomy":"product_tag","embeddable":true,"href":"https:\/\/shop.kustom.ch\/fr\/wp-json\/wp\/v2\/product_tag?post=468538"}],"curies":[{"name":"wp","href":"https:\/\/api.w.org\/{rel}","templated":true}]}}