{"id":468535,"date":"2024-04-26T13:18:17","date_gmt":"2024-04-26T12:18:17","guid":{"rendered":"https:\/\/kustomshop.kinsta.cloud\/?post_type=product&#038;p=468535"},"modified":"2024-04-26T13:19:08","modified_gmt":"2024-04-26T12:19:08","slug":"change-by-erima-poloshirt-herren","status":"publish","type":"product","link":"https:\/\/shop.kustom.ch\/fr\/produit\/change-by-erima-poloshirt-herren\/","title":{"rendered":"Polo CHANGE by erima Hommes"},"content":{"rendered":"<p>Sportif et \u00e9l\u00e9gant \u00e0 la fois - avec ce polo, tu es chic en toutes circonstances. Il est dot\u00e9 d'un col polo typique avec une patte de boutonnage pratique \u00e0 trois boutons qui lui conf\u00e8re un look \u00e9l\u00e9gant. Le polo est fabriqu\u00e9 dans un mat\u00e9riau fonctionnel tr\u00e8s l\u00e9ger qui s\u00e8che rapidement et offre donc un confort agr\u00e9able. Cela en fait ton compagnon id\u00e9al pour les activit\u00e9s sportives par temps chaud.<\/p>","protected":false},"excerpt":{"rendered":"<p>Couleur : curacao\/mykonos\/blanc<\/p>","protected":false},"featured_media":468283,"template":"","meta":[],"product_brand":[],"product_cat":[9647],"product_tag":[],"class_list":{"0":"post-468535","1":"product","2":"type-product","3":"status-publish","4":"has-post-thumbnail","6":"product_cat-llt-oberwallis","8":"first","9":"instock","10":"taxable","11":"shipping-taxable","12":"purchasable","13":"product-type-variable","14":"add-to-wishlist-before_image"},"exclude_global_add_ons":[],"addons":[],"acf":[],"_links":{"self":[{"href":"https:\/\/shop.kustom.ch\/fr\/wp-json\/wp\/v2\/product\/468535"}],"collection":[{"href":"https:\/\/shop.kustom.ch\/fr\/wp-json\/wp\/v2\/product"}],"about":[{"href":"https:\/\/shop.kustom.ch\/fr\/wp-json\/wp\/v2\/types\/product"}],"wp:featuredmedia":[{"embeddable":true,"href":"https:\/\/shop.kustom.ch\/fr\/wp-json\/wp\/v2\/media\/468283"}],"wp:attachment":[{"href":"https:\/\/shop.kustom.ch\/fr\/wp-json\/wp\/v2\/media?parent=468535"}],"wp:term":[{"taxonomy":"product_brand","embeddable":true,"href":"https:\/\/shop.kustom.ch\/fr\/wp-json\/wp\/v2\/product_brand?post=468535"},{"taxonomy":"product_cat","embeddable":true,"href":"https:\/\/shop.kustom.ch\/fr\/wp-json\/wp\/v2\/product_cat?post=468535"},{"taxonomy":"product_tag","embeddable":true,"href":"https:\/\/shop.kustom.ch\/fr\/wp-json\/wp\/v2\/product_tag?post=468535"}],"curies":[{"name":"wp","href":"https:\/\/api.w.org\/{rel}","templated":true}]}}