{"id":468534,"date":"2024-04-26T13:18:16","date_gmt":"2024-04-26T12:18:16","guid":{"rendered":"https:\/\/kustomshop.kinsta.cloud\/?post_type=product&#038;p=468534"},"modified":"2024-04-26T13:19:08","modified_gmt":"2024-04-26T12:19:08","slug":"change-by-erima-t-shirt-damen","status":"publish","type":"product","link":"https:\/\/shop.kustom.ch\/fr\/produit\/change-by-erima-t-shirt-damen\/","title":{"rendered":"T-shirt CHANGE by erima Femmes"},"content":{"rendered":"<p>Le t-shirt CHANGE by erima te soutient au mieux dans le sport et au quotidien. Il est fabriqu\u00e9 dans un mat\u00e9riau fonctionnel tr\u00e8s l\u00e9ger et \u00e0 s\u00e9chage rapide, qui assure une sensation de fra\u00eecheur en toute situation. De plus, il est dot\u00e9 d'un col rond classique qui s'adapte confortablement. Un grand confort est garanti dans toutes les situations. La coupe cintr\u00e9e assure une belle silhouette et une coupe id\u00e9ale.<\/p>","protected":false},"excerpt":{"rendered":"<p>Couleur : curacao\/mykonos\/blanc<\/p>","protected":false},"featured_media":468270,"template":"","meta":[],"product_brand":[],"product_cat":[9647],"product_tag":[],"class_list":{"0":"post-468534","1":"product","2":"type-product","3":"status-publish","4":"has-post-thumbnail","6":"product_cat-llt-oberwallis","8":"first","9":"instock","10":"taxable","11":"shipping-taxable","12":"purchasable","13":"product-type-variable","14":"add-to-wishlist-before_image"},"exclude_global_add_ons":[],"addons":[],"acf":[],"_links":{"self":[{"href":"https:\/\/shop.kustom.ch\/fr\/wp-json\/wp\/v2\/product\/468534"}],"collection":[{"href":"https:\/\/shop.kustom.ch\/fr\/wp-json\/wp\/v2\/product"}],"about":[{"href":"https:\/\/shop.kustom.ch\/fr\/wp-json\/wp\/v2\/types\/product"}],"wp:featuredmedia":[{"embeddable":true,"href":"https:\/\/shop.kustom.ch\/fr\/wp-json\/wp\/v2\/media\/468270"}],"wp:attachment":[{"href":"https:\/\/shop.kustom.ch\/fr\/wp-json\/wp\/v2\/media?parent=468534"}],"wp:term":[{"taxonomy":"product_brand","embeddable":true,"href":"https:\/\/shop.kustom.ch\/fr\/wp-json\/wp\/v2\/product_brand?post=468534"},{"taxonomy":"product_cat","embeddable":true,"href":"https:\/\/shop.kustom.ch\/fr\/wp-json\/wp\/v2\/product_cat?post=468534"},{"taxonomy":"product_tag","embeddable":true,"href":"https:\/\/shop.kustom.ch\/fr\/wp-json\/wp\/v2\/product_tag?post=468534"}],"curies":[{"name":"wp","href":"https:\/\/api.w.org\/{rel}","templated":true}]}}