{"id":249020,"date":"2024-04-18T13:03:38","date_gmt":"2024-04-18T12:03:38","guid":{"rendered":"https:\/\/kustomshop.kinsta.cloud\/?post_type=product&#038;p=249020"},"modified":"2026-03-12T13:50:03","modified_gmt":"2026-03-12T12:50:03","slug":"trainingshose-mit-wadeneinsatz-2-0","status":"publish","type":"product","link":"https:\/\/shop.kustom.ch\/fr\/produit\/trainingshose-mit-wadeneinsatz-2-0\/","title":{"rendered":"Pantalon d'entra\u00eenement avec empi\u00e8cement au mollet 2.0"},"content":{"rendered":"<p>Libert\u00e9 de mouvement illimit\u00e9e.<\/p>\n<p>Bas de jambe avec empi\u00e8cement ajust\u00e9 au mollet et fermeture \u00e0 glissi\u00e8re<\/p>\n<p>Coupe \u00e9troite<\/p>\n<p>Extr\u00eamement r\u00e9sistant gr\u00e2ce \u00e0 un mat\u00e9riau en polyester robuste<\/p>\n<p>Poches lat\u00e9rales avec fermeture \u00e0 glissi\u00e8re<\/p>\n<p>Mat\u00e9riau : polyester 100%<\/p>","protected":false},"excerpt":{"rendered":"<p>noir<\/p>","protected":false},"featured_media":132856,"template":"","meta":[],"product_brand":[],"product_cat":[6382],"product_tag":[],"class_list":{"0":"post-249020","1":"product","2":"type-product","3":"status-publish","4":"has-post-thumbnail","6":"product_cat-vbc-andwil-arnegg","8":"first","9":"instock","10":"taxable","11":"shipping-taxable","12":"purchasable","13":"product-type-variable","14":"add-to-wishlist-before_image"},"exclude_global_add_ons":[],"addons":[],"acf":[],"_links":{"self":[{"href":"https:\/\/shop.kustom.ch\/fr\/wp-json\/wp\/v2\/product\/249020"}],"collection":[{"href":"https:\/\/shop.kustom.ch\/fr\/wp-json\/wp\/v2\/product"}],"about":[{"href":"https:\/\/shop.kustom.ch\/fr\/wp-json\/wp\/v2\/types\/product"}],"wp:featuredmedia":[{"embeddable":true,"href":"https:\/\/shop.kustom.ch\/fr\/wp-json\/wp\/v2\/media\/132856"}],"wp:attachment":[{"href":"https:\/\/shop.kustom.ch\/fr\/wp-json\/wp\/v2\/media?parent=249020"}],"wp:term":[{"taxonomy":"product_brand","embeddable":true,"href":"https:\/\/shop.kustom.ch\/fr\/wp-json\/wp\/v2\/product_brand?post=249020"},{"taxonomy":"product_cat","embeddable":true,"href":"https:\/\/shop.kustom.ch\/fr\/wp-json\/wp\/v2\/product_cat?post=249020"},{"taxonomy":"product_tag","embeddable":true,"href":"https:\/\/shop.kustom.ch\/fr\/wp-json\/wp\/v2\/product_tag?post=249020"}],"curies":[{"name":"wp","href":"https:\/\/api.w.org\/{rel}","templated":true}]}}