{"id":249018,"date":"2024-04-18T13:03:35","date_gmt":"2024-04-18T12:03:35","guid":{"rendered":"https:\/\/kustomshop.kinsta.cloud\/?post_type=product&#038;p=249018"},"modified":"2026-01-05T21:24:10","modified_gmt":"2026-01-05T20:24:10","slug":"six-wings-sporttasche-3","status":"publish","type":"product","link":"https:\/\/shop.kustom.ch\/fr\/produit\/six-wings-sporttasche-3\/","title":{"rendered":"Sac de sport SIX WINGS"},"content":{"rendered":"<p>Sac de sport spacieux avec des extras pratiques et un design moderne SIX WINGS.<\/p>\n<p>R\u00e9\u00e9dit\u00e9 dans une nouvelle version : Le successeur du sac de sport CLUB 5 a la m\u00eame structure et les m\u00eames mat\u00e9riaux, ainsi qu'un design l\u00e9g\u00e8rement modifi\u00e9 avec un imprim\u00e9 SIX WINGS moderne.<\/p>\n<p>Une construction optimale pour un espace de rangement maximal<\/p>\n<p>Poches lat\u00e9rales avec poche humide int\u00e9gr\u00e9e et a\u00e9ration<\/p>\n<p>Sangles de transport sp\u00e9cialement fix\u00e9es pour une plus grande durabilit\u00e9<\/p>\n<p>Bandouli\u00e8re r\u00e9glable<\/p>\n<p>Possibilit\u00e9s de finition optimales<\/p>","protected":false},"excerpt":{"rendered":"<p>rouge\/noir<\/p>","protected":false},"featured_media":132860,"template":"","meta":[],"product_brand":[],"product_cat":[6382],"product_tag":[],"class_list":{"0":"post-249018","1":"product","2":"type-product","3":"status-publish","4":"has-post-thumbnail","6":"product_cat-vbc-andwil-arnegg","8":"first","9":"instock","10":"taxable","11":"shipping-taxable","12":"purchasable","13":"product-type-variable","14":"add-to-wishlist-before_image"},"exclude_global_add_ons":[],"addons":[],"acf":[],"_links":{"self":[{"href":"https:\/\/shop.kustom.ch\/fr\/wp-json\/wp\/v2\/product\/249018"}],"collection":[{"href":"https:\/\/shop.kustom.ch\/fr\/wp-json\/wp\/v2\/product"}],"about":[{"href":"https:\/\/shop.kustom.ch\/fr\/wp-json\/wp\/v2\/types\/product"}],"wp:featuredmedia":[{"embeddable":true,"href":"https:\/\/shop.kustom.ch\/fr\/wp-json\/wp\/v2\/media\/132860"}],"wp:attachment":[{"href":"https:\/\/shop.kustom.ch\/fr\/wp-json\/wp\/v2\/media?parent=249018"}],"wp:term":[{"taxonomy":"product_brand","embeddable":true,"href":"https:\/\/shop.kustom.ch\/fr\/wp-json\/wp\/v2\/product_brand?post=249018"},{"taxonomy":"product_cat","embeddable":true,"href":"https:\/\/shop.kustom.ch\/fr\/wp-json\/wp\/v2\/product_cat?post=249018"},{"taxonomy":"product_tag","embeddable":true,"href":"https:\/\/shop.kustom.ch\/fr\/wp-json\/wp\/v2\/product_tag?post=249018"}],"curies":[{"name":"wp","href":"https:\/\/api.w.org\/{rel}","templated":true}]}}